{"id":3280,"date":"2019-04-08T16:18:07","date_gmt":"2019-04-08T16:18:07","guid":{"rendered":"https:\/\/tetraepik.local\/?page_id=3280"},"modified":"2024-02-29T10:15:07","modified_gmt":"2024-02-29T10:15:07","slug":"translation-solutions","status":"publish","type":"page","link":"https:\/\/tetraepik.com\/de\/translation-solutions\/","title":{"rendered":"Translation Solutions"},"content":{"rendered":"\r\n<p>Ob beglaubigte \u00dcbersetzung, Lektorat, Korrektorat, Transkreation, Untertitelung oder Lokalisierung von Websites \u2013 unser mehrsprachiges Team fachkompetenter \u00dcbersetzer liefert Ihnen die passende \u00dcbersetzung nach Ihren W\u00fcnschen in der ben\u00f6tigten Sprachkombination.<\/p>\r\n","protected":false},"excerpt":{"rendered":"<p>Ob beglaubigte \u00dcbersetzung, Lektorat, Korrektorat, Transkreation, Untertitelung oder Lokalisierung von Websites \u2013 unser mehrsprachiges Team fachkompetenter \u00dcbersetzer liefert Ihnen die passende [&hellip;]<\/p>\n","protected":false},"author":5,"featured_media":2949,"parent":0,"menu_order":0,"comment_status":"closed","ping_status":"closed","template":"page-templates\/translation-solutions.php","meta":{"footnotes":""},"acf":[],"yoast_head":"<!-- This site is optimized with the Yoast SEO plugin v21.9.1 - https:\/\/yoast.com\/wordpress\/plugins\/seo\/ -->\n<title>Translation Solutions - TETRAEPIK<\/title>\n<meta name=\"robots\" content=\"index, follow, max-snippet:-1, max-image-preview:large, max-video-preview:-1\" \/>\n<link rel=\"canonical\" href=\"https:\/\/tetraepik.com\/de\/translation-solutions\/\" \/>\n<meta property=\"og:locale\" content=\"de_DE\" \/>\n<meta property=\"og:type\" content=\"article\" \/>\n<meta property=\"og:title\" content=\"Translation Solutions - TETRAEPIK\" \/>\n<meta property=\"og:description\" content=\"Ob beglaubigte \u00dcbersetzung, Lektorat, Korrektorat, Transkreation, Untertitelung oder Lokalisierung von Websites \u2013 unser mehrsprachiges Team fachkompetenter \u00dcbersetzer liefert Ihnen die passende [&hellip;]\" \/>\n<meta property=\"og:url\" content=\"https:\/\/tetraepik.com\/de\/translation-solutions\/\" \/>\n<meta property=\"og:site_name\" content=\"TETRAEPIK\" \/>\n<meta property=\"article:modified_time\" content=\"2024-02-29T10:15:07+00:00\" \/>\n<meta property=\"og:image\" content=\"https:\/\/tetraepik.com\/wp-content\/uploads\/2019\/04\/IMG_9833-1024x683.jpg\" \/>\n\t<meta property=\"og:image:width\" content=\"1024\" \/>\n\t<meta property=\"og:image:height\" content=\"683\" \/>\n\t<meta property=\"og:image:type\" content=\"image\/jpeg\" \/>\n<meta name=\"twitter:card\" content=\"summary_large_image\" \/>\n<meta name=\"twitter:label1\" content=\"Gesch\u00e4tzte Lesezeit\" \/>\n\t<meta name=\"twitter:data1\" content=\"1\u00a0Minute\" \/>\n<!-- \/ Yoast SEO plugin. -->","yoast_head_json":{"title":"Translation Solutions - TETRAEPIK","robots":{"index":"index","follow":"follow","max-snippet":"max-snippet:-1","max-image-preview":"max-image-preview:large","max-video-preview":"max-video-preview:-1"},"canonical":"https:\/\/tetraepik.com\/de\/translation-solutions\/","og_locale":"de_DE","og_type":"article","og_title":"Translation Solutions - TETRAEPIK","og_description":"Ob beglaubigte \u00dcbersetzung, Lektorat, Korrektorat, Transkreation, Untertitelung oder Lokalisierung von Websites \u2013 unser mehrsprachiges Team fachkompetenter \u00dcbersetzer liefert Ihnen die passende [&hellip;]","og_url":"https:\/\/tetraepik.com\/de\/translation-solutions\/","og_site_name":"TETRAEPIK","article_modified_time":"2024-02-29T10:15:07+00:00","og_image":[{"width":1024,"height":683,"url":"https:\/\/tetraepik.com\/wp-content\/uploads\/2019\/04\/IMG_9833-1024x683.jpg","type":"image\/jpeg"}],"twitter_card":"summary_large_image","twitter_misc":{"Gesch\u00e4tzte Lesezeit":"1\u00a0Minute"},"schema":{"@context":"https:\/\/schema.org","@graph":[{"@type":"WebPage","@id":"https:\/\/tetraepik.com\/de\/translation-solutions\/","url":"https:\/\/tetraepik.com\/de\/translation-solutions\/","name":"Translation Solutions - TETRAEPIK","isPartOf":{"@id":"https:\/\/tetraepik.com\/#website"},"datePublished":"2019-04-08T16:18:07+00:00","dateModified":"2024-02-29T10:15:07+00:00","breadcrumb":{"@id":"https:\/\/tetraepik.com\/de\/translation-solutions\/#breadcrumb"},"inLanguage":"de","potentialAction":[{"@type":"ReadAction","target":["https:\/\/tetraepik.com\/de\/translation-solutions\/"]}]},{"@type":"BreadcrumbList","@id":"https:\/\/tetraepik.com\/de\/translation-solutions\/#breadcrumb","itemListElement":[{"@type":"ListItem","position":1,"name":"In\u00edcio","item":"https:\/\/tetraepik.com\/de\/"},{"@type":"ListItem","position":2,"name":"Translation Solutions"}]},{"@type":"WebSite","@id":"https:\/\/tetraepik.com\/#website","url":"https:\/\/tetraepik.com\/","name":"TETRAEPIK","description":"TETRAEPIK","potentialAction":[{"@type":"SearchAction","target":{"@type":"EntryPoint","urlTemplate":"https:\/\/tetraepik.com\/?s={search_term_string}"},"query-input":"required name=search_term_string"}],"inLanguage":"de"}]}},"_links":{"self":[{"href":"https:\/\/tetraepik.com\/de\/wp-json\/wp\/v2\/pages\/3280"}],"collection":[{"href":"https:\/\/tetraepik.com\/de\/wp-json\/wp\/v2\/pages"}],"about":[{"href":"https:\/\/tetraepik.com\/de\/wp-json\/wp\/v2\/types\/page"}],"author":[{"embeddable":true,"href":"https:\/\/tetraepik.com\/de\/wp-json\/wp\/v2\/users\/5"}],"replies":[{"embeddable":true,"href":"https:\/\/tetraepik.com\/de\/wp-json\/wp\/v2\/comments?post=3280"}],"version-history":[{"count":3,"href":"https:\/\/tetraepik.com\/de\/wp-json\/wp\/v2\/pages\/3280\/revisions"}],"predecessor-version":[{"id":6757,"href":"https:\/\/tetraepik.com\/de\/wp-json\/wp\/v2\/pages\/3280\/revisions\/6757"}],"wp:featuredmedia":[{"embeddable":true,"href":"https:\/\/tetraepik.com\/de\/wp-json\/wp\/v2\/media\/2949"}],"wp:attachment":[{"href":"https:\/\/tetraepik.com\/de\/wp-json\/wp\/v2\/media?parent=3280"}],"curies":[{"name":"wp","href":"https:\/\/api.w.org\/{rel}","templated":true}]}}