{"id":3292,"date":"2019-04-08T16:33:52","date_gmt":"2019-04-08T16:33:52","guid":{"rendered":"https:\/\/tetraepik.local\/?page_id=3292"},"modified":"2023-01-30T16:58:05","modified_gmt":"2023-01-30T16:58:05","slug":"interpretation-solutions","status":"publish","type":"page","link":"https:\/\/tetraepik.com\/de\/interpretation-solutions\/","title":{"rendered":"Interpretation Solutions"},"content":{"rendered":"\r\n<p>Wir arbeiten mit einem erfahrenen Team aus Dolmetschern f\u00fcr Veranstaltungen wie Konferenzen, Gerichtsanh\u00f6rungen, Schulungsma\u00dfnahmen und Hochzeiten in Portugal und im Ausland. Auf Wunsch stellen wir Ihnen unsere Kontaktliste zur Verf\u00fcgung, die Ihnen Zugang zu der n\u00f6tigen technischen Ausr\u00fcstung f\u00fcr Ihre Veranstaltung verschafft.<\/p>\r\n","protected":false},"excerpt":{"rendered":"<p>Wir arbeiten mit einem erfahrenen Team aus Dolmetschern f\u00fcr Veranstaltungen wie Konferenzen, Gerichtsanh\u00f6rungen, Schulungsma\u00dfnahmen und Hochzeiten in Portugal und im Ausland. [&hellip;]<\/p>\n","protected":false},"author":5,"featured_media":2983,"parent":0,"menu_order":0,"comment_status":"closed","ping_status":"closed","template":"page-templates\/interpretation-solutions.php","meta":{"footnotes":""},"acf":[],"yoast_head":"<!-- This site is optimized with the Yoast SEO plugin v21.9.1 - https:\/\/yoast.com\/wordpress\/plugins\/seo\/ -->\n<title>Interpretation Solutions - TETRAEPIK<\/title>\n<meta name=\"robots\" content=\"index, follow, max-snippet:-1, max-image-preview:large, max-video-preview:-1\" \/>\n<link rel=\"canonical\" href=\"https:\/\/tetraepik.com\/de\/interpretation-solutions\/\" \/>\n<meta property=\"og:locale\" content=\"de_DE\" \/>\n<meta property=\"og:type\" content=\"article\" \/>\n<meta property=\"og:title\" content=\"Interpretation Solutions - TETRAEPIK\" \/>\n<meta property=\"og:description\" content=\"Wir arbeiten mit einem erfahrenen Team aus Dolmetschern f\u00fcr Veranstaltungen wie Konferenzen, Gerichtsanh\u00f6rungen, Schulungsma\u00dfnahmen und Hochzeiten in Portugal und im Ausland. [&hellip;]\" \/>\n<meta property=\"og:url\" content=\"https:\/\/tetraepik.com\/de\/interpretation-solutions\/\" \/>\n<meta property=\"og:site_name\" content=\"TETRAEPIK\" \/>\n<meta property=\"article:modified_time\" content=\"2023-01-30T16:58:05+00:00\" \/>\n<meta property=\"og:image\" content=\"https:\/\/tetraepik.com\/wp-content\/uploads\/2019\/04\/A-garden-where-a-beach-used-to-be-Lisbon-Portugal-2.jpg\" \/>\n\t<meta property=\"og:image:width\" content=\"3141\" \/>\n\t<meta property=\"og:image:height\" content=\"2094\" \/>\n\t<meta property=\"og:image:type\" content=\"image\/jpeg\" \/>\n<meta name=\"twitter:card\" content=\"summary_large_image\" \/>\n<meta name=\"twitter:label1\" content=\"Gesch\u00e4tzte Lesezeit\" \/>\n\t<meta name=\"twitter:data1\" content=\"1\u00a0Minute\" \/>\n<!-- \/ Yoast SEO plugin. -->","yoast_head_json":{"title":"Interpretation Solutions - TETRAEPIK","robots":{"index":"index","follow":"follow","max-snippet":"max-snippet:-1","max-image-preview":"max-image-preview:large","max-video-preview":"max-video-preview:-1"},"canonical":"https:\/\/tetraepik.com\/de\/interpretation-solutions\/","og_locale":"de_DE","og_type":"article","og_title":"Interpretation Solutions - TETRAEPIK","og_description":"Wir arbeiten mit einem erfahrenen Team aus Dolmetschern f\u00fcr Veranstaltungen wie Konferenzen, Gerichtsanh\u00f6rungen, Schulungsma\u00dfnahmen und Hochzeiten in Portugal und im Ausland. [&hellip;]","og_url":"https:\/\/tetraepik.com\/de\/interpretation-solutions\/","og_site_name":"TETRAEPIK","article_modified_time":"2023-01-30T16:58:05+00:00","og_image":[{"width":3141,"height":2094,"url":"https:\/\/tetraepik.com\/wp-content\/uploads\/2019\/04\/A-garden-where-a-beach-used-to-be-Lisbon-Portugal-2.jpg","type":"image\/jpeg"}],"twitter_card":"summary_large_image","twitter_misc":{"Gesch\u00e4tzte Lesezeit":"1\u00a0Minute"},"schema":{"@context":"https:\/\/schema.org","@graph":[{"@type":"WebPage","@id":"https:\/\/tetraepik.com\/de\/interpretation-solutions\/","url":"https:\/\/tetraepik.com\/de\/interpretation-solutions\/","name":"Interpretation Solutions - TETRAEPIK","isPartOf":{"@id":"https:\/\/tetraepik.com\/#website"},"datePublished":"2019-04-08T16:33:52+00:00","dateModified":"2023-01-30T16:58:05+00:00","breadcrumb":{"@id":"https:\/\/tetraepik.com\/de\/interpretation-solutions\/#breadcrumb"},"inLanguage":"de","potentialAction":[{"@type":"ReadAction","target":["https:\/\/tetraepik.com\/de\/interpretation-solutions\/"]}]},{"@type":"BreadcrumbList","@id":"https:\/\/tetraepik.com\/de\/interpretation-solutions\/#breadcrumb","itemListElement":[{"@type":"ListItem","position":1,"name":"In\u00edcio","item":"https:\/\/tetraepik.com\/de\/"},{"@type":"ListItem","position":2,"name":"Interpretation Solutions"}]},{"@type":"WebSite","@id":"https:\/\/tetraepik.com\/#website","url":"https:\/\/tetraepik.com\/","name":"TETRAEPIK","description":"TETRAEPIK","potentialAction":[{"@type":"SearchAction","target":{"@type":"EntryPoint","urlTemplate":"https:\/\/tetraepik.com\/?s={search_term_string}"},"query-input":"required name=search_term_string"}],"inLanguage":"de"}]}},"_links":{"self":[{"href":"https:\/\/tetraepik.com\/de\/wp-json\/wp\/v2\/pages\/3292"}],"collection":[{"href":"https:\/\/tetraepik.com\/de\/wp-json\/wp\/v2\/pages"}],"about":[{"href":"https:\/\/tetraepik.com\/de\/wp-json\/wp\/v2\/types\/page"}],"author":[{"embeddable":true,"href":"https:\/\/tetraepik.com\/de\/wp-json\/wp\/v2\/users\/5"}],"replies":[{"embeddable":true,"href":"https:\/\/tetraepik.com\/de\/wp-json\/wp\/v2\/comments?post=3292"}],"version-history":[{"count":4,"href":"https:\/\/tetraepik.com\/de\/wp-json\/wp\/v2\/pages\/3292\/revisions"}],"predecessor-version":[{"id":6367,"href":"https:\/\/tetraepik.com\/de\/wp-json\/wp\/v2\/pages\/3292\/revisions\/6367"}],"wp:featuredmedia":[{"embeddable":true,"href":"https:\/\/tetraepik.com\/de\/wp-json\/wp\/v2\/media\/2983"}],"wp:attachment":[{"href":"https:\/\/tetraepik.com\/de\/wp-json\/wp\/v2\/media?parent=3292"}],"curies":[{"name":"wp","href":"https:\/\/api.w.org\/{rel}","templated":true}]}}