{"id":357,"date":"2018-08-29T18:45:30","date_gmt":"2018-08-29T18:45:30","guid":{"rendered":"https:\/\/tetraepik.local\/responsabilidade-social\/"},"modified":"2019-05-20T12:02:57","modified_gmt":"2019-05-20T12:02:57","slug":"responsabilidade-social","status":"publish","type":"page","link":"https:\/\/tetraepik.com\/de\/responsabilidade-social\/","title":{"rendered":"Soziale verantwortung"},"content":{"rendered":"<p><strong>TETRAEPIK versteht sich als eine sozial verantwortliche Organisation, da ihre T\u00e4tigkeit die Menschenrechte, den Umweltschutz, die Chancengleichheit bei der Arbeit und im Beruf sowie die ethischen Werte und Grunds\u00e4tze der Gesellschaft, in der sie eingebunden ist, nicht vernachl\u00e4ssigt.<\/strong><\/p>\n<p>Wir unterst\u00fctzen bereits seit einigen Jahren Aktionen von Nichtregierungsorganisationen wie Greenpeace und Amnesty International, deren Verdienste weltweit anerkannt sind, und die nichtstaatliche portugiesische Organisation \u201eAbra\u00e7o\u201c, die gegen die Diskriminierung und f\u00fcr den Schutz der Menschenrechte von HIV\/AIDS-Infezierten k\u00e4mpft. Au\u00dferdem tragen wir zur Entwicklung von kleineren Nichtregierungsorganisationen bei, f\u00fcr die wir kostenlose Dienstleistungen oder Dienstleistungen zu einem erheblich g\u00fcnstigeren Preis liefern.<\/p>\n<p>Unsere soziale Verantwortung hinsichtlich der Umwelt spiegelt sich auch in der st\u00e4ndigen Bereitschaft wieder, die Verwendung von Papier bei internen Verfahren zu reduzieren und Toner, Plastik und Papier zu recyceln.<\/p>\n<p>Wir m\u00f6chten und werden auch weiterhin auf eine positive Art unseren Beitrag f\u00fcr die Gesellschaft und f\u00fcr den Schutz der Umwelt und der Menschenrechte leisten.<\/p>\n","protected":false},"excerpt":{"rendered":"<p>TETRAEPIK versteht sich als eine sozial verantwortliche Organisation, da ihre T\u00e4tigkeit die Menschenrechte, den Umweltschutz, die Chancengleichheit bei der Arbeit und [&hellip;]<\/p>\n","protected":false},"author":2,"featured_media":3146,"parent":0,"menu_order":0,"comment_status":"closed","ping_status":"closed","template":"page-templates\/template-geral.php","meta":{"footnotes":""},"acf":[],"yoast_head":"<!-- This site is optimized with the Yoast SEO plugin v21.9.1 - https:\/\/yoast.com\/wordpress\/plugins\/seo\/ -->\n<title>Soziale verantwortung - TETRAEPIK<\/title>\n<meta name=\"robots\" content=\"index, follow, max-snippet:-1, max-image-preview:large, max-video-preview:-1\" \/>\n<link rel=\"canonical\" href=\"https:\/\/tetraepik.com\/de\/responsabilidade-social\/\" \/>\n<meta property=\"og:locale\" content=\"de_DE\" \/>\n<meta property=\"og:type\" content=\"article\" \/>\n<meta property=\"og:title\" content=\"Soziale verantwortung - TETRAEPIK\" \/>\n<meta property=\"og:description\" content=\"TETRAEPIK versteht sich als eine sozial verantwortliche Organisation, da ihre T\u00e4tigkeit die Menschenrechte, den Umweltschutz, die Chancengleichheit bei der Arbeit und [&hellip;]\" \/>\n<meta property=\"og:url\" content=\"https:\/\/tetraepik.com\/de\/responsabilidade-social\/\" \/>\n<meta property=\"og:site_name\" content=\"TETRAEPIK\" \/>\n<meta property=\"article:modified_time\" content=\"2019-05-20T12:02:57+00:00\" \/>\n<meta property=\"og:image\" content=\"https:\/\/tetraepik.com\/wp-content\/uploads\/2019\/04\/Arvores-1024x811.jpg\" \/>\n\t<meta property=\"og:image:width\" content=\"1024\" \/>\n\t<meta property=\"og:image:height\" content=\"811\" \/>\n\t<meta property=\"og:image:type\" content=\"image\/jpeg\" \/>\n<meta name=\"twitter:card\" content=\"summary_large_image\" \/>\n<meta name=\"twitter:label1\" content=\"Gesch\u00e4tzte Lesezeit\" \/>\n\t<meta name=\"twitter:data1\" content=\"1\u00a0Minute\" \/>\n<!-- \/ Yoast SEO plugin. -->","yoast_head_json":{"title":"Soziale verantwortung - TETRAEPIK","robots":{"index":"index","follow":"follow","max-snippet":"max-snippet:-1","max-image-preview":"max-image-preview:large","max-video-preview":"max-video-preview:-1"},"canonical":"https:\/\/tetraepik.com\/de\/responsabilidade-social\/","og_locale":"de_DE","og_type":"article","og_title":"Soziale verantwortung - TETRAEPIK","og_description":"TETRAEPIK versteht sich als eine sozial verantwortliche Organisation, da ihre T\u00e4tigkeit die Menschenrechte, den Umweltschutz, die Chancengleichheit bei der Arbeit und [&hellip;]","og_url":"https:\/\/tetraepik.com\/de\/responsabilidade-social\/","og_site_name":"TETRAEPIK","article_modified_time":"2019-05-20T12:02:57+00:00","og_image":[{"width":1024,"height":811,"url":"https:\/\/tetraepik.com\/wp-content\/uploads\/2019\/04\/Arvores-1024x811.jpg","type":"image\/jpeg"}],"twitter_card":"summary_large_image","twitter_misc":{"Gesch\u00e4tzte Lesezeit":"1\u00a0Minute"},"schema":{"@context":"https:\/\/schema.org","@graph":[{"@type":"WebPage","@id":"https:\/\/tetraepik.com\/de\/responsabilidade-social\/","url":"https:\/\/tetraepik.com\/de\/responsabilidade-social\/","name":"Soziale verantwortung - TETRAEPIK","isPartOf":{"@id":"https:\/\/tetraepik.com\/#website"},"datePublished":"2018-08-29T18:45:30+00:00","dateModified":"2019-05-20T12:02:57+00:00","breadcrumb":{"@id":"https:\/\/tetraepik.com\/de\/responsabilidade-social\/#breadcrumb"},"inLanguage":"de","potentialAction":[{"@type":"ReadAction","target":["https:\/\/tetraepik.com\/de\/responsabilidade-social\/"]}]},{"@type":"BreadcrumbList","@id":"https:\/\/tetraepik.com\/de\/responsabilidade-social\/#breadcrumb","itemListElement":[{"@type":"ListItem","position":1,"name":"In\u00edcio","item":"https:\/\/tetraepik.com\/de\/"},{"@type":"ListItem","position":2,"name":"Soziale verantwortung"}]},{"@type":"WebSite","@id":"https:\/\/tetraepik.com\/#website","url":"https:\/\/tetraepik.com\/","name":"TETRAEPIK","description":"TETRAEPIK","potentialAction":[{"@type":"SearchAction","target":{"@type":"EntryPoint","urlTemplate":"https:\/\/tetraepik.com\/?s={search_term_string}"},"query-input":"required name=search_term_string"}],"inLanguage":"de"}]}},"_links":{"self":[{"href":"https:\/\/tetraepik.com\/de\/wp-json\/wp\/v2\/pages\/357"}],"collection":[{"href":"https:\/\/tetraepik.com\/de\/wp-json\/wp\/v2\/pages"}],"about":[{"href":"https:\/\/tetraepik.com\/de\/wp-json\/wp\/v2\/types\/page"}],"author":[{"embeddable":true,"href":"https:\/\/tetraepik.com\/de\/wp-json\/wp\/v2\/users\/2"}],"replies":[{"embeddable":true,"href":"https:\/\/tetraepik.com\/de\/wp-json\/wp\/v2\/comments?post=357"}],"version-history":[{"count":2,"href":"https:\/\/tetraepik.com\/de\/wp-json\/wp\/v2\/pages\/357\/revisions"}],"predecessor-version":[{"id":3553,"href":"https:\/\/tetraepik.com\/de\/wp-json\/wp\/v2\/pages\/357\/revisions\/3553"}],"wp:featuredmedia":[{"embeddable":true,"href":"https:\/\/tetraepik.com\/de\/wp-json\/wp\/v2\/media\/3146"}],"wp:attachment":[{"href":"https:\/\/tetraepik.com\/de\/wp-json\/wp\/v2\/media?parent=357"}],"curies":[{"name":"wp","href":"https:\/\/api.w.org\/{rel}","templated":true}]}}