{"id":365,"date":"2018-08-31T16:39:53","date_gmt":"2018-08-31T16:39:53","guid":{"rendered":"https:\/\/tetraepik.local\/recrutamento\/"},"modified":"2019-05-20T11:55:54","modified_gmt":"2019-05-20T11:55:54","slug":"recrutamento","status":"publish","type":"page","link":"https:\/\/tetraepik.com\/de\/recrutamento\/","title":{"rendered":"Karriere"},"content":{"rendered":"<p>M\u00f6chten Sie Teil unseres Teams werden?<\/p>\n<p>Wir sind immer auf der Suche nach qualifizierten und spezialisierten Mitarbeitern, die unser Team mit ihren Sprachkombinationen und Arbeitsfeldern bereichern.<\/p>\n<p>Die Auswahl unseres Personals erfolgt mit gro\u00dfer Sorgfalt. Unsere \u00dcbersetzer m\u00fcssen zun\u00e4chst ein Auswahlverfahren mit anspruchsvollen Tests ihrer Kenntnisse und F\u00e4higkeiten durchlaufen.<\/p>\n<p>Haben wir Ihr Interesse geweckt?<\/p>\n<p>Senden Sie Ihren Lebenslauf an <a href=\"mailto:admin@tetraepik.com\">admin@tetraepik.com<\/a> und erfahren Sie mehr.<\/p>\n<p>Wir freuen uns auf Sie!<\/p>\n","protected":false},"excerpt":{"rendered":"<p>M\u00f6chten Sie Teil unseres Teams werden? Wir sind immer auf der Suche nach qualifizierten und spezialisierten Mitarbeitern, die unser Team mit [&hellip;]<\/p>\n","protected":false},"author":2,"featured_media":2236,"parent":0,"menu_order":0,"comment_status":"closed","ping_status":"closed","template":"page-templates\/template-recrutamento.php","meta":{"footnotes":""},"acf":[],"yoast_head":"<!-- This site is optimized with the Yoast SEO plugin v21.9.1 - https:\/\/yoast.com\/wordpress\/plugins\/seo\/ -->\n<title>Karriere - TETRAEPIK<\/title>\n<meta name=\"robots\" content=\"index, follow, max-snippet:-1, max-image-preview:large, max-video-preview:-1\" \/>\n<link rel=\"canonical\" href=\"https:\/\/tetraepik.com\/de\/recrutamento\/\" \/>\n<meta property=\"og:locale\" content=\"de_DE\" \/>\n<meta property=\"og:type\" content=\"article\" \/>\n<meta property=\"og:title\" content=\"Karriere - TETRAEPIK\" \/>\n<meta property=\"og:description\" content=\"M\u00f6chten Sie Teil unseres Teams werden? Wir sind immer auf der Suche nach qualifizierten und spezialisierten Mitarbeitern, die unser Team mit [&hellip;]\" \/>\n<meta property=\"og:url\" content=\"https:\/\/tetraepik.com\/de\/recrutamento\/\" \/>\n<meta property=\"og:site_name\" content=\"TETRAEPIK\" \/>\n<meta property=\"article:modified_time\" content=\"2019-05-20T11:55:54+00:00\" \/>\n<meta property=\"og:image\" content=\"https:\/\/tetraepik.com\/wp-content\/uploads\/2019\/01\/Candidaturas-1-1024x240.jpg\" \/>\n\t<meta property=\"og:image:width\" content=\"1024\" \/>\n\t<meta property=\"og:image:height\" content=\"240\" \/>\n\t<meta property=\"og:image:type\" content=\"image\/jpeg\" \/>\n<meta name=\"twitter:card\" content=\"summary_large_image\" \/>\n<!-- \/ Yoast SEO plugin. -->","yoast_head_json":{"title":"Karriere - TETRAEPIK","robots":{"index":"index","follow":"follow","max-snippet":"max-snippet:-1","max-image-preview":"max-image-preview:large","max-video-preview":"max-video-preview:-1"},"canonical":"https:\/\/tetraepik.com\/de\/recrutamento\/","og_locale":"de_DE","og_type":"article","og_title":"Karriere - TETRAEPIK","og_description":"M\u00f6chten Sie Teil unseres Teams werden? Wir sind immer auf der Suche nach qualifizierten und spezialisierten Mitarbeitern, die unser Team mit [&hellip;]","og_url":"https:\/\/tetraepik.com\/de\/recrutamento\/","og_site_name":"TETRAEPIK","article_modified_time":"2019-05-20T11:55:54+00:00","og_image":[{"width":1024,"height":240,"url":"https:\/\/tetraepik.com\/wp-content\/uploads\/2019\/01\/Candidaturas-1-1024x240.jpg","type":"image\/jpeg"}],"twitter_card":"summary_large_image","schema":{"@context":"https:\/\/schema.org","@graph":[{"@type":"WebPage","@id":"https:\/\/tetraepik.com\/de\/recrutamento\/","url":"https:\/\/tetraepik.com\/de\/recrutamento\/","name":"Karriere - TETRAEPIK","isPartOf":{"@id":"https:\/\/tetraepik.com\/#website"},"datePublished":"2018-08-31T16:39:53+00:00","dateModified":"2019-05-20T11:55:54+00:00","breadcrumb":{"@id":"https:\/\/tetraepik.com\/de\/recrutamento\/#breadcrumb"},"inLanguage":"de","potentialAction":[{"@type":"ReadAction","target":["https:\/\/tetraepik.com\/de\/recrutamento\/"]}]},{"@type":"BreadcrumbList","@id":"https:\/\/tetraepik.com\/de\/recrutamento\/#breadcrumb","itemListElement":[{"@type":"ListItem","position":1,"name":"In\u00edcio","item":"https:\/\/tetraepik.com\/de\/"},{"@type":"ListItem","position":2,"name":"Karriere"}]},{"@type":"WebSite","@id":"https:\/\/tetraepik.com\/#website","url":"https:\/\/tetraepik.com\/","name":"TETRAEPIK","description":"TETRAEPIK","potentialAction":[{"@type":"SearchAction","target":{"@type":"EntryPoint","urlTemplate":"https:\/\/tetraepik.com\/?s={search_term_string}"},"query-input":"required name=search_term_string"}],"inLanguage":"de"}]}},"_links":{"self":[{"href":"https:\/\/tetraepik.com\/de\/wp-json\/wp\/v2\/pages\/365"}],"collection":[{"href":"https:\/\/tetraepik.com\/de\/wp-json\/wp\/v2\/pages"}],"about":[{"href":"https:\/\/tetraepik.com\/de\/wp-json\/wp\/v2\/types\/page"}],"author":[{"embeddable":true,"href":"https:\/\/tetraepik.com\/de\/wp-json\/wp\/v2\/users\/2"}],"replies":[{"embeddable":true,"href":"https:\/\/tetraepik.com\/de\/wp-json\/wp\/v2\/comments?post=365"}],"version-history":[{"count":3,"href":"https:\/\/tetraepik.com\/de\/wp-json\/wp\/v2\/pages\/365\/revisions"}],"predecessor-version":[{"id":3549,"href":"https:\/\/tetraepik.com\/de\/wp-json\/wp\/v2\/pages\/365\/revisions\/3549"}],"wp:featuredmedia":[{"embeddable":true,"href":"https:\/\/tetraepik.com\/de\/wp-json\/wp\/v2\/media\/2236"}],"wp:attachment":[{"href":"https:\/\/tetraepik.com\/de\/wp-json\/wp\/v2\/media?parent=365"}],"curies":[{"name":"wp","href":"https:\/\/api.w.org\/{rel}","templated":true}]}}