{"id":379,"date":"2018-08-31T16:01:23","date_gmt":"2018-08-31T16:01:23","guid":{"rendered":"https:\/\/tetraepik.local\/clientes-e-parcerias\/"},"modified":"2019-07-03T16:53:17","modified_gmt":"2019-07-03T16:53:17","slug":"clientes-e-parcerias","status":"publish","type":"page","link":"https:\/\/tetraepik.com\/de\/clientes-e-parcerias\/","title":{"rendered":"Einige Kunden, die uns vertrauen"},"content":{"rendered":"<p>Mit mehr als einem Jahrzehnt Erfahrung, mehreren SAP-Zertifizierungen und einer Auszeichnung im Bereich der Lokalisierung k\u00f6nnen unsere Kunden, ohne die wir auf dem Markt keinen Sinn ergeben w\u00fcrden, am besten die Qualit\u00e4t unserer Arbeit best\u00e4tigen:<\/p>\n","protected":false},"excerpt":{"rendered":"<p>Mit mehr als einem Jahrzehnt Erfahrung, mehreren SAP-Zertifizierungen und einer Auszeichnung im Bereich der Lokalisierung k\u00f6nnen unsere Kunden, ohne die wir [&hellip;]<\/p>\n","protected":false},"author":2,"featured_media":2130,"parent":0,"menu_order":0,"comment_status":"closed","ping_status":"closed","template":"page-templates\/template-clientes.php","meta":{"footnotes":""},"acf":[],"yoast_head":"<!-- This site is optimized with the Yoast SEO plugin v21.9.1 - https:\/\/yoast.com\/wordpress\/plugins\/seo\/ -->\n<title>Einige Kunden, die uns vertrauen - TETRAEPIK<\/title>\n<meta name=\"robots\" content=\"index, follow, max-snippet:-1, max-image-preview:large, max-video-preview:-1\" \/>\n<link rel=\"canonical\" href=\"https:\/\/tetraepik.com\/de\/clientes-e-parcerias\/\" \/>\n<meta property=\"og:locale\" content=\"de_DE\" \/>\n<meta property=\"og:type\" content=\"article\" \/>\n<meta property=\"og:title\" content=\"Einige Kunden, die uns vertrauen - TETRAEPIK\" \/>\n<meta property=\"og:description\" content=\"Mit mehr als einem Jahrzehnt Erfahrung, mehreren SAP-Zertifizierungen und einer Auszeichnung im Bereich der Lokalisierung k\u00f6nnen unsere Kunden, ohne die wir [&hellip;]\" \/>\n<meta property=\"og:url\" content=\"https:\/\/tetraepik.com\/de\/clientes-e-parcerias\/\" \/>\n<meta property=\"og:site_name\" content=\"TETRAEPIK\" \/>\n<meta property=\"article:modified_time\" content=\"2019-07-03T16:53:17+00:00\" \/>\n<meta property=\"og:image\" content=\"https:\/\/tetraepik.com\/wp-content\/uploads\/2019\/01\/Parcerias-e-clientes.png\" \/>\n\t<meta property=\"og:image:width\" content=\"1920\" \/>\n\t<meta property=\"og:image:height\" content=\"451\" \/>\n\t<meta property=\"og:image:type\" content=\"image\/png\" \/>\n<meta name=\"twitter:card\" content=\"summary_large_image\" \/>\n<!-- \/ Yoast SEO plugin. -->","yoast_head_json":{"title":"Einige Kunden, die uns vertrauen - TETRAEPIK","robots":{"index":"index","follow":"follow","max-snippet":"max-snippet:-1","max-image-preview":"max-image-preview:large","max-video-preview":"max-video-preview:-1"},"canonical":"https:\/\/tetraepik.com\/de\/clientes-e-parcerias\/","og_locale":"de_DE","og_type":"article","og_title":"Einige Kunden, die uns vertrauen - TETRAEPIK","og_description":"Mit mehr als einem Jahrzehnt Erfahrung, mehreren SAP-Zertifizierungen und einer Auszeichnung im Bereich der Lokalisierung k\u00f6nnen unsere Kunden, ohne die wir [&hellip;]","og_url":"https:\/\/tetraepik.com\/de\/clientes-e-parcerias\/","og_site_name":"TETRAEPIK","article_modified_time":"2019-07-03T16:53:17+00:00","og_image":[{"width":1920,"height":451,"url":"https:\/\/tetraepik.com\/wp-content\/uploads\/2019\/01\/Parcerias-e-clientes.png","type":"image\/png"}],"twitter_card":"summary_large_image","schema":{"@context":"https:\/\/schema.org","@graph":[{"@type":"WebPage","@id":"https:\/\/tetraepik.com\/de\/clientes-e-parcerias\/","url":"https:\/\/tetraepik.com\/de\/clientes-e-parcerias\/","name":"Einige Kunden, die uns vertrauen - TETRAEPIK","isPartOf":{"@id":"https:\/\/tetraepik.com\/#website"},"datePublished":"2018-08-31T16:01:23+00:00","dateModified":"2019-07-03T16:53:17+00:00","breadcrumb":{"@id":"https:\/\/tetraepik.com\/de\/clientes-e-parcerias\/#breadcrumb"},"inLanguage":"de","potentialAction":[{"@type":"ReadAction","target":["https:\/\/tetraepik.com\/de\/clientes-e-parcerias\/"]}]},{"@type":"BreadcrumbList","@id":"https:\/\/tetraepik.com\/de\/clientes-e-parcerias\/#breadcrumb","itemListElement":[{"@type":"ListItem","position":1,"name":"In\u00edcio","item":"https:\/\/tetraepik.com\/de\/"},{"@type":"ListItem","position":2,"name":"Einige Kunden, die uns vertrauen"}]},{"@type":"WebSite","@id":"https:\/\/tetraepik.com\/#website","url":"https:\/\/tetraepik.com\/","name":"TETRAEPIK","description":"TETRAEPIK","potentialAction":[{"@type":"SearchAction","target":{"@type":"EntryPoint","urlTemplate":"https:\/\/tetraepik.com\/?s={search_term_string}"},"query-input":"required name=search_term_string"}],"inLanguage":"de"}]}},"_links":{"self":[{"href":"https:\/\/tetraepik.com\/de\/wp-json\/wp\/v2\/pages\/379"}],"collection":[{"href":"https:\/\/tetraepik.com\/de\/wp-json\/wp\/v2\/pages"}],"about":[{"href":"https:\/\/tetraepik.com\/de\/wp-json\/wp\/v2\/types\/page"}],"author":[{"embeddable":true,"href":"https:\/\/tetraepik.com\/de\/wp-json\/wp\/v2\/users\/2"}],"replies":[{"embeddable":true,"href":"https:\/\/tetraepik.com\/de\/wp-json\/wp\/v2\/comments?post=379"}],"version-history":[{"count":10,"href":"https:\/\/tetraepik.com\/de\/wp-json\/wp\/v2\/pages\/379\/revisions"}],"predecessor-version":[{"id":4352,"href":"https:\/\/tetraepik.com\/de\/wp-json\/wp\/v2\/pages\/379\/revisions\/4352"}],"wp:featuredmedia":[{"embeddable":true,"href":"https:\/\/tetraepik.com\/de\/wp-json\/wp\/v2\/media\/2130"}],"wp:attachment":[{"href":"https:\/\/tetraepik.com\/de\/wp-json\/wp\/v2\/media?parent=379"}],"curies":[{"name":"wp","href":"https:\/\/api.w.org\/{rel}","templated":true}]}}