{"id":391,"date":"2018-08-31T13:05:13","date_gmt":"2018-08-31T13:05:13","guid":{"rendered":"https:\/\/tetraepik.local\/contactos\/"},"modified":"2019-05-20T12:00:39","modified_gmt":"2019-05-20T12:00:39","slug":"contactos","status":"publish","type":"page","link":"https:\/\/tetraepik.com\/de\/contactos\/","title":{"rendered":"Kontakte"},"content":{"rendered":"\n<p>TETRAEPIK &#8211; Tradu\u00e7\u00f5es e Servi\u00e7os, Lda. (gegen\u00fcber der Bahnstation Entrecampos)<\/p>\n\n\n\n<p>Avenida da Rep\u00fablica 101, 7c e 6a<\/p>\n\n\n\n<p>1050-197 Lissabon<\/p>\n\n\n\n<p>Portugal<\/p>\n\n\n\n<p>Tel.: <br>Fax: <br>E-Mail: <\/p>\n","protected":false},"excerpt":{"rendered":"<p>TETRAEPIK &#8211; Tradu\u00e7\u00f5es e Servi\u00e7os, Lda. (gegen\u00fcber der Bahnstation Entrecampos) Avenida da Rep\u00fablica 101, 7c e 6a 1050-197 Lissabon Portugal Tel.: [&hellip;]<\/p>\n","protected":false},"author":2,"featured_media":3313,"parent":0,"menu_order":0,"comment_status":"closed","ping_status":"closed","template":"page-templates\/template-contactos.php","meta":{"footnotes":""},"acf":[],"yoast_head":"<!-- This site is optimized with the Yoast SEO plugin v21.9.1 - https:\/\/yoast.com\/wordpress\/plugins\/seo\/ -->\n<title>Kontakte - TETRAEPIK<\/title>\n<meta name=\"robots\" content=\"index, follow, max-snippet:-1, max-image-preview:large, max-video-preview:-1\" \/>\n<link rel=\"canonical\" href=\"https:\/\/tetraepik.com\/de\/contactos\/\" \/>\n<meta property=\"og:locale\" content=\"de_DE\" \/>\n<meta property=\"og:type\" content=\"article\" \/>\n<meta property=\"og:title\" content=\"Kontakte - TETRAEPIK\" \/>\n<meta property=\"og:description\" content=\"TETRAEPIK &#8211; Tradu\u00e7\u00f5es e Servi\u00e7os, Lda. (gegen\u00fcber der Bahnstation Entrecampos) Avenida da Rep\u00fablica 101, 7c e 6a 1050-197 Lissabon Portugal Tel.: [&hellip;]\" \/>\n<meta property=\"og:url\" content=\"https:\/\/tetraepik.com\/de\/contactos\/\" \/>\n<meta property=\"og:site_name\" content=\"TETRAEPIK\" \/>\n<meta property=\"article:modified_time\" content=\"2019-05-20T12:00:39+00:00\" \/>\n<meta property=\"og:image\" content=\"https:\/\/tetraepik.com\/wp-content\/uploads\/2019\/04\/contactos.jpg\" \/>\n\t<meta property=\"og:image:width\" content=\"5183\" \/>\n\t<meta property=\"og:image:height\" content=\"2208\" \/>\n\t<meta property=\"og:image:type\" content=\"image\/jpeg\" \/>\n<meta name=\"twitter:card\" content=\"summary_large_image\" \/>\n<!-- \/ Yoast SEO plugin. -->","yoast_head_json":{"title":"Kontakte - TETRAEPIK","robots":{"index":"index","follow":"follow","max-snippet":"max-snippet:-1","max-image-preview":"max-image-preview:large","max-video-preview":"max-video-preview:-1"},"canonical":"https:\/\/tetraepik.com\/de\/contactos\/","og_locale":"de_DE","og_type":"article","og_title":"Kontakte - TETRAEPIK","og_description":"TETRAEPIK &#8211; Tradu\u00e7\u00f5es e Servi\u00e7os, Lda. (gegen\u00fcber der Bahnstation Entrecampos) Avenida da Rep\u00fablica 101, 7c e 6a 1050-197 Lissabon Portugal Tel.: [&hellip;]","og_url":"https:\/\/tetraepik.com\/de\/contactos\/","og_site_name":"TETRAEPIK","article_modified_time":"2019-05-20T12:00:39+00:00","og_image":[{"width":5183,"height":2208,"url":"https:\/\/tetraepik.com\/wp-content\/uploads\/2019\/04\/contactos.jpg","type":"image\/jpeg"}],"twitter_card":"summary_large_image","schema":{"@context":"https:\/\/schema.org","@graph":[{"@type":"WebPage","@id":"https:\/\/tetraepik.com\/de\/contactos\/","url":"https:\/\/tetraepik.com\/de\/contactos\/","name":"Kontakte - TETRAEPIK","isPartOf":{"@id":"https:\/\/tetraepik.com\/#website"},"datePublished":"2018-08-31T13:05:13+00:00","dateModified":"2019-05-20T12:00:39+00:00","breadcrumb":{"@id":"https:\/\/tetraepik.com\/de\/contactos\/#breadcrumb"},"inLanguage":"de","potentialAction":[{"@type":"ReadAction","target":["https:\/\/tetraepik.com\/de\/contactos\/"]}]},{"@type":"BreadcrumbList","@id":"https:\/\/tetraepik.com\/de\/contactos\/#breadcrumb","itemListElement":[{"@type":"ListItem","position":1,"name":"In\u00edcio","item":"https:\/\/tetraepik.com\/de\/"},{"@type":"ListItem","position":2,"name":"Kontakte"}]},{"@type":"WebSite","@id":"https:\/\/tetraepik.com\/#website","url":"https:\/\/tetraepik.com\/","name":"TETRAEPIK","description":"TETRAEPIK","potentialAction":[{"@type":"SearchAction","target":{"@type":"EntryPoint","urlTemplate":"https:\/\/tetraepik.com\/?s={search_term_string}"},"query-input":"required name=search_term_string"}],"inLanguage":"de"}]}},"_links":{"self":[{"href":"https:\/\/tetraepik.com\/de\/wp-json\/wp\/v2\/pages\/391"}],"collection":[{"href":"https:\/\/tetraepik.com\/de\/wp-json\/wp\/v2\/pages"}],"about":[{"href":"https:\/\/tetraepik.com\/de\/wp-json\/wp\/v2\/types\/page"}],"author":[{"embeddable":true,"href":"https:\/\/tetraepik.com\/de\/wp-json\/wp\/v2\/users\/2"}],"replies":[{"embeddable":true,"href":"https:\/\/tetraepik.com\/de\/wp-json\/wp\/v2\/comments?post=391"}],"version-history":[{"count":4,"href":"https:\/\/tetraepik.com\/de\/wp-json\/wp\/v2\/pages\/391\/revisions"}],"predecessor-version":[{"id":3551,"href":"https:\/\/tetraepik.com\/de\/wp-json\/wp\/v2\/pages\/391\/revisions\/3551"}],"wp:featuredmedia":[{"embeddable":true,"href":"https:\/\/tetraepik.com\/de\/wp-json\/wp\/v2\/media\/3313"}],"wp:attachment":[{"href":"https:\/\/tetraepik.com\/de\/wp-json\/wp\/v2\/media?parent=391"}],"curies":[{"name":"wp","href":"https:\/\/api.w.org\/{rel}","templated":true}]}}