{"id":2741,"date":"2019-03-29T11:45:54","date_gmt":"2019-03-29T11:45:54","guid":{"rendered":"https:\/\/tetraepik.local\/?page_id=2741"},"modified":"2020-09-28T14:27:12","modified_gmt":"2020-09-28T14:27:12","slug":"globalisation-solutions","status":"publish","type":"page","link":"https:\/\/tetraepik.com\/es\/globalisation-solutions\/","title":{"rendered":"Globalisation Solutions"},"content":{"rendered":"\n<p>La globalizaci\u00f3n de su empresa es tan importante para usted como para nosotros y sabemos exactamente qu\u00e9 hacer para que as\u00ed sea. Con nuestros servicios de localizaci\u00f3n y asesoramiento ling\u00fc\u00edstico, podemos acompa\u00f1arle durante todo el proceso. No hay motivos para esperar.<\/p>\n","protected":false},"excerpt":{"rendered":"<p>La globalizaci\u00f3n de su empresa es tan importante para usted como para nosotros y sabemos exactamente qu\u00e9 hacer para que as\u00ed [&hellip;]<\/p>\n","protected":false},"author":5,"featured_media":2990,"parent":0,"menu_order":0,"comment_status":"closed","ping_status":"closed","template":"page-templates\/globalisation-solutions.php","meta":{"footnotes":""},"acf":[],"yoast_head":"<!-- This site is optimized with the Yoast SEO plugin v21.9.1 - https:\/\/yoast.com\/wordpress\/plugins\/seo\/ -->\n<title>Globalisation Solutions - TETRAEPIK<\/title>\n<meta name=\"robots\" content=\"index, follow, max-snippet:-1, max-image-preview:large, max-video-preview:-1\" \/>\n<link rel=\"canonical\" href=\"https:\/\/tetraepik.com\/es\/globalisation-solutions\/\" \/>\n<meta property=\"og:locale\" content=\"es_ES\" \/>\n<meta property=\"og:type\" content=\"article\" \/>\n<meta property=\"og:title\" content=\"Globalisation Solutions - TETRAEPIK\" \/>\n<meta property=\"og:description\" content=\"La globalizaci\u00f3n de su empresa es tan importante para usted como para nosotros y sabemos exactamente qu\u00e9 hacer para que as\u00ed [&hellip;]\" \/>\n<meta property=\"og:url\" content=\"https:\/\/tetraepik.com\/es\/globalisation-solutions\/\" \/>\n<meta property=\"og:site_name\" content=\"TETRAEPIK\" \/>\n<meta property=\"article:modified_time\" content=\"2020-09-28T14:27:12+00:00\" \/>\n<meta property=\"og:image\" content=\"https:\/\/tetraepik.com\/wp-content\/uploads\/2019\/04\/A\u00e7ores_Ponta-Delgada-ao-anoitecer-1.jpg\" \/>\n\t<meta property=\"og:image:width\" content=\"4256\" \/>\n\t<meta property=\"og:image:height\" content=\"2832\" \/>\n\t<meta property=\"og:image:type\" content=\"image\/jpeg\" \/>\n<meta name=\"twitter:card\" content=\"summary_large_image\" \/>\n<!-- \/ Yoast SEO plugin. -->","yoast_head_json":{"title":"Globalisation Solutions - TETRAEPIK","robots":{"index":"index","follow":"follow","max-snippet":"max-snippet:-1","max-image-preview":"max-image-preview:large","max-video-preview":"max-video-preview:-1"},"canonical":"https:\/\/tetraepik.com\/es\/globalisation-solutions\/","og_locale":"es_ES","og_type":"article","og_title":"Globalisation Solutions - TETRAEPIK","og_description":"La globalizaci\u00f3n de su empresa es tan importante para usted como para nosotros y sabemos exactamente qu\u00e9 hacer para que as\u00ed [&hellip;]","og_url":"https:\/\/tetraepik.com\/es\/globalisation-solutions\/","og_site_name":"TETRAEPIK","article_modified_time":"2020-09-28T14:27:12+00:00","og_image":[{"width":4256,"height":2832,"url":"https:\/\/tetraepik.com\/wp-content\/uploads\/2019\/04\/A\u00e7ores_Ponta-Delgada-ao-anoitecer-1.jpg","type":"image\/jpeg"}],"twitter_card":"summary_large_image","schema":{"@context":"https:\/\/schema.org","@graph":[{"@type":"WebPage","@id":"https:\/\/tetraepik.com\/es\/globalisation-solutions\/","url":"https:\/\/tetraepik.com\/es\/globalisation-solutions\/","name":"Globalisation Solutions - TETRAEPIK","isPartOf":{"@id":"https:\/\/tetraepik.com\/#website"},"datePublished":"2019-03-29T11:45:54+00:00","dateModified":"2020-09-28T14:27:12+00:00","breadcrumb":{"@id":"https:\/\/tetraepik.com\/es\/globalisation-solutions\/#breadcrumb"},"inLanguage":"es","potentialAction":[{"@type":"ReadAction","target":["https:\/\/tetraepik.com\/es\/globalisation-solutions\/"]}]},{"@type":"BreadcrumbList","@id":"https:\/\/tetraepik.com\/es\/globalisation-solutions\/#breadcrumb","itemListElement":[{"@type":"ListItem","position":1,"name":"In\u00edcio","item":"https:\/\/tetraepik.com\/es\/"},{"@type":"ListItem","position":2,"name":"Globalisation Solutions"}]},{"@type":"WebSite","@id":"https:\/\/tetraepik.com\/#website","url":"https:\/\/tetraepik.com\/","name":"TETRAEPIK","description":"TETRAEPIK","potentialAction":[{"@type":"SearchAction","target":{"@type":"EntryPoint","urlTemplate":"https:\/\/tetraepik.com\/?s={search_term_string}"},"query-input":"required name=search_term_string"}],"inLanguage":"es"}]}},"_links":{"self":[{"href":"https:\/\/tetraepik.com\/es\/wp-json\/wp\/v2\/pages\/2741"}],"collection":[{"href":"https:\/\/tetraepik.com\/es\/wp-json\/wp\/v2\/pages"}],"about":[{"href":"https:\/\/tetraepik.com\/es\/wp-json\/wp\/v2\/types\/page"}],"author":[{"embeddable":true,"href":"https:\/\/tetraepik.com\/es\/wp-json\/wp\/v2\/users\/5"}],"replies":[{"embeddable":true,"href":"https:\/\/tetraepik.com\/es\/wp-json\/wp\/v2\/comments?post=2741"}],"version-history":[{"count":2,"href":"https:\/\/tetraepik.com\/es\/wp-json\/wp\/v2\/pages\/2741\/revisions"}],"predecessor-version":[{"id":5387,"href":"https:\/\/tetraepik.com\/es\/wp-json\/wp\/v2\/pages\/2741\/revisions\/5387"}],"wp:featuredmedia":[{"embeddable":true,"href":"https:\/\/tetraepik.com\/es\/wp-json\/wp\/v2\/media\/2990"}],"wp:attachment":[{"href":"https:\/\/tetraepik.com\/es\/wp-json\/wp\/v2\/media?parent=2741"}],"curies":[{"name":"wp","href":"https:\/\/api.w.org\/{rel}","templated":true}]}}