{"id":2749,"date":"2019-03-29T11:53:13","date_gmt":"2019-03-29T11:53:13","guid":{"rendered":"https:\/\/tetraepik.local\/?page_id=2749"},"modified":"2024-02-29T10:14:52","modified_gmt":"2024-02-29T10:14:52","slug":"translation-solutions","status":"publish","type":"page","link":"https:\/\/tetraepik.com\/es\/translation-solutions\/","title":{"rendered":"Translation Solutions"},"content":{"rendered":"\r\n<p>Nuestra amplia red de traductores nativos y especializados le garantiza la traducci\u00f3n de todo tipo de documentos. \u00bfNecesita una traducci\u00f3n jurada en Portugal? Sabemos exactamente qu\u00e9 es necesario. Adem\u00e1s, hacemos correcci\u00f3n ling\u00fc\u00edstica, transcripci\u00f3n, subtitulado y traducci\u00f3n de p\u00e1ginas web, entre otros muchos servicios.<\/p>\r\n","protected":false},"excerpt":{"rendered":"<p>Nuestra amplia red de traductores nativos y especializados le garantiza la traducci\u00f3n de todo tipo de documentos. \u00bfNecesita una traducci\u00f3n jurada [&hellip;]<\/p>\n","protected":false},"author":5,"featured_media":2950,"parent":0,"menu_order":0,"comment_status":"closed","ping_status":"closed","template":"page-templates\/translation-solutions.php","meta":{"footnotes":""},"acf":[],"yoast_head":"<!-- This site is optimized with the Yoast SEO plugin v21.9.1 - https:\/\/yoast.com\/wordpress\/plugins\/seo\/ -->\n<title>Translation Solutions - TETRAEPIK<\/title>\n<meta name=\"robots\" content=\"index, follow, max-snippet:-1, max-image-preview:large, max-video-preview:-1\" \/>\n<link rel=\"canonical\" href=\"https:\/\/tetraepik.com\/es\/translation-solutions\/\" \/>\n<meta property=\"og:locale\" content=\"es_ES\" \/>\n<meta property=\"og:type\" content=\"article\" \/>\n<meta property=\"og:title\" content=\"Translation Solutions - TETRAEPIK\" \/>\n<meta property=\"og:description\" content=\"Nuestra amplia red de traductores nativos y especializados le garantiza la traducci\u00f3n de todo tipo de documentos. \u00bfNecesita una traducci\u00f3n jurada [&hellip;]\" \/>\n<meta property=\"og:url\" content=\"https:\/\/tetraepik.com\/es\/translation-solutions\/\" \/>\n<meta property=\"og:site_name\" content=\"TETRAEPIK\" \/>\n<meta property=\"article:modified_time\" content=\"2024-02-29T10:14:52+00:00\" \/>\n<meta property=\"og:image\" content=\"https:\/\/tetraepik.com\/wp-content\/uploads\/2019\/04\/IMG_9833-1024x683.jpg\" \/>\n\t<meta property=\"og:image:width\" content=\"1024\" \/>\n\t<meta property=\"og:image:height\" content=\"683\" \/>\n\t<meta property=\"og:image:type\" content=\"image\/jpeg\" \/>\n<meta name=\"twitter:card\" content=\"summary_large_image\" \/>\n<meta name=\"twitter:label1\" content=\"Tiempo de lectura\" \/>\n\t<meta name=\"twitter:data1\" content=\"1 minuto\" \/>\n<!-- \/ Yoast SEO plugin. -->","yoast_head_json":{"title":"Translation Solutions - TETRAEPIK","robots":{"index":"index","follow":"follow","max-snippet":"max-snippet:-1","max-image-preview":"max-image-preview:large","max-video-preview":"max-video-preview:-1"},"canonical":"https:\/\/tetraepik.com\/es\/translation-solutions\/","og_locale":"es_ES","og_type":"article","og_title":"Translation Solutions - TETRAEPIK","og_description":"Nuestra amplia red de traductores nativos y especializados le garantiza la traducci\u00f3n de todo tipo de documentos. \u00bfNecesita una traducci\u00f3n jurada [&hellip;]","og_url":"https:\/\/tetraepik.com\/es\/translation-solutions\/","og_site_name":"TETRAEPIK","article_modified_time":"2024-02-29T10:14:52+00:00","og_image":[{"width":1024,"height":683,"url":"https:\/\/tetraepik.com\/wp-content\/uploads\/2019\/04\/IMG_9833-1024x683.jpg","type":"image\/jpeg"}],"twitter_card":"summary_large_image","twitter_misc":{"Tiempo de lectura":"1 minuto"},"schema":{"@context":"https:\/\/schema.org","@graph":[{"@type":"WebPage","@id":"https:\/\/tetraepik.com\/es\/translation-solutions\/","url":"https:\/\/tetraepik.com\/es\/translation-solutions\/","name":"Translation Solutions - TETRAEPIK","isPartOf":{"@id":"https:\/\/tetraepik.com\/#website"},"datePublished":"2019-03-29T11:53:13+00:00","dateModified":"2024-02-29T10:14:52+00:00","breadcrumb":{"@id":"https:\/\/tetraepik.com\/es\/translation-solutions\/#breadcrumb"},"inLanguage":"es","potentialAction":[{"@type":"ReadAction","target":["https:\/\/tetraepik.com\/es\/translation-solutions\/"]}]},{"@type":"BreadcrumbList","@id":"https:\/\/tetraepik.com\/es\/translation-solutions\/#breadcrumb","itemListElement":[{"@type":"ListItem","position":1,"name":"In\u00edcio","item":"https:\/\/tetraepik.com\/es\/"},{"@type":"ListItem","position":2,"name":"Translation Solutions"}]},{"@type":"WebSite","@id":"https:\/\/tetraepik.com\/#website","url":"https:\/\/tetraepik.com\/","name":"TETRAEPIK","description":"TETRAEPIK","potentialAction":[{"@type":"SearchAction","target":{"@type":"EntryPoint","urlTemplate":"https:\/\/tetraepik.com\/?s={search_term_string}"},"query-input":"required name=search_term_string"}],"inLanguage":"es"}]}},"_links":{"self":[{"href":"https:\/\/tetraepik.com\/es\/wp-json\/wp\/v2\/pages\/2749"}],"collection":[{"href":"https:\/\/tetraepik.com\/es\/wp-json\/wp\/v2\/pages"}],"about":[{"href":"https:\/\/tetraepik.com\/es\/wp-json\/wp\/v2\/types\/page"}],"author":[{"embeddable":true,"href":"https:\/\/tetraepik.com\/es\/wp-json\/wp\/v2\/users\/5"}],"replies":[{"embeddable":true,"href":"https:\/\/tetraepik.com\/es\/wp-json\/wp\/v2\/comments?post=2749"}],"version-history":[{"count":2,"href":"https:\/\/tetraepik.com\/es\/wp-json\/wp\/v2\/pages\/2749\/revisions"}],"predecessor-version":[{"id":6756,"href":"https:\/\/tetraepik.com\/es\/wp-json\/wp\/v2\/pages\/2749\/revisions\/6756"}],"wp:featuredmedia":[{"embeddable":true,"href":"https:\/\/tetraepik.com\/es\/wp-json\/wp\/v2\/media\/2950"}],"wp:attachment":[{"href":"https:\/\/tetraepik.com\/es\/wp-json\/wp\/v2\/media?parent=2749"}],"curies":[{"name":"wp","href":"https:\/\/api.w.org\/{rel}","templated":true}]}}