{"id":2806,"date":"2019-03-29T16:10:56","date_gmt":"2019-03-29T16:10:56","guid":{"rendered":"https:\/\/tetraepik.local\/?page_id=2806"},"modified":"2019-03-29T16:11:00","modified_gmt":"2019-03-29T16:11:00","slug":"blog","status":"publish","type":"page","link":"https:\/\/tetraepik.com\/es\/blog\/","title":{"rendered":"Blog"},"content":{"rendered":"\n<p>Este es el espacio que hemos\nreservado para novedades, curiosidades, art\u00edculos de opini\u00f3n, entre otros\nmuchos contenidos. Debe estar siempre atento a nuestro blog para no quedarse\ndesactualizado. S\u00edganos en nuestras redes sociales, donde podr\u00e1 estar al tanto\nde todo lo que pasa en el mundo TETRAEPIK. <\/p>\n\n\n\n<p>Si quiere darnos su opini\u00f3n, sugerirnos alg\u00fan tema que le gustar\u00eda que se tratara o si tiene alguna duda que quiera aclarar en el Blog, hable con nosotros en el chat o env\u00edenos un correo a rita.silva@tetraepik.com.<\/p>\n","protected":false},"excerpt":{"rendered":"<p>Este es el espacio que hemos reservado para novedades, curiosidades, art\u00edculos de opini\u00f3n, entre otros muchos contenidos. Debe estar siempre atento [&hellip;]<\/p>\n","protected":false},"author":5,"featured_media":2944,"parent":0,"menu_order":0,"comment_status":"closed","ping_status":"closed","template":"page-templates\/blog.php","meta":{"footnotes":""},"acf":[],"yoast_head":"<!-- This site is optimized with the Yoast SEO plugin v21.9.1 - https:\/\/yoast.com\/wordpress\/plugins\/seo\/ -->\n<title>Blog - TETRAEPIK<\/title>\n<meta name=\"robots\" content=\"index, follow, max-snippet:-1, max-image-preview:large, max-video-preview:-1\" \/>\n<link rel=\"canonical\" href=\"https:\/\/tetraepik.com\/es\/blog\/\" \/>\n<meta property=\"og:locale\" content=\"es_ES\" \/>\n<meta property=\"og:type\" content=\"article\" \/>\n<meta property=\"og:title\" content=\"Blog - TETRAEPIK\" \/>\n<meta property=\"og:description\" content=\"Este es el espacio que hemos reservado para novedades, curiosidades, art\u00edculos de opini\u00f3n, entre otros muchos contenidos. Debe estar siempre atento [&hellip;]\" \/>\n<meta property=\"og:url\" content=\"https:\/\/tetraepik.com\/es\/blog\/\" \/>\n<meta property=\"og:site_name\" content=\"TETRAEPIK\" \/>\n<meta property=\"article:modified_time\" content=\"2019-03-29T16:11:00+00:00\" \/>\n<meta property=\"og:image\" content=\"https:\/\/tetraepik.com\/wp-content\/uploads\/2019\/04\/Coreia-Sul_baloes1.jpg\" \/>\n\t<meta property=\"og:image:width\" content=\"4608\" \/>\n\t<meta property=\"og:image:height\" content=\"3456\" \/>\n\t<meta property=\"og:image:type\" content=\"image\/jpeg\" \/>\n<meta name=\"twitter:card\" content=\"summary_large_image\" \/>\n<!-- \/ Yoast SEO plugin. -->","yoast_head_json":{"title":"Blog - TETRAEPIK","robots":{"index":"index","follow":"follow","max-snippet":"max-snippet:-1","max-image-preview":"max-image-preview:large","max-video-preview":"max-video-preview:-1"},"canonical":"https:\/\/tetraepik.com\/es\/blog\/","og_locale":"es_ES","og_type":"article","og_title":"Blog - TETRAEPIK","og_description":"Este es el espacio que hemos reservado para novedades, curiosidades, art\u00edculos de opini\u00f3n, entre otros muchos contenidos. Debe estar siempre atento [&hellip;]","og_url":"https:\/\/tetraepik.com\/es\/blog\/","og_site_name":"TETRAEPIK","article_modified_time":"2019-03-29T16:11:00+00:00","og_image":[{"width":4608,"height":3456,"url":"https:\/\/tetraepik.com\/wp-content\/uploads\/2019\/04\/Coreia-Sul_baloes1.jpg","type":"image\/jpeg"}],"twitter_card":"summary_large_image","schema":{"@context":"https:\/\/schema.org","@graph":[{"@type":"WebPage","@id":"https:\/\/tetraepik.com\/es\/blog\/","url":"https:\/\/tetraepik.com\/es\/blog\/","name":"Blog - TETRAEPIK","isPartOf":{"@id":"https:\/\/tetraepik.com\/#website"},"datePublished":"2019-03-29T16:10:56+00:00","dateModified":"2019-03-29T16:11:00+00:00","breadcrumb":{"@id":"https:\/\/tetraepik.com\/es\/blog\/#breadcrumb"},"inLanguage":"es","potentialAction":[{"@type":"ReadAction","target":["https:\/\/tetraepik.com\/es\/blog\/"]}]},{"@type":"BreadcrumbList","@id":"https:\/\/tetraepik.com\/es\/blog\/#breadcrumb","itemListElement":[{"@type":"ListItem","position":1,"name":"In\u00edcio","item":"https:\/\/tetraepik.com\/es\/"},{"@type":"ListItem","position":2,"name":"Blog"}]},{"@type":"WebSite","@id":"https:\/\/tetraepik.com\/#website","url":"https:\/\/tetraepik.com\/","name":"TETRAEPIK","description":"TETRAEPIK","potentialAction":[{"@type":"SearchAction","target":{"@type":"EntryPoint","urlTemplate":"https:\/\/tetraepik.com\/?s={search_term_string}"},"query-input":"required name=search_term_string"}],"inLanguage":"es"}]}},"_links":{"self":[{"href":"https:\/\/tetraepik.com\/es\/wp-json\/wp\/v2\/pages\/2806"}],"collection":[{"href":"https:\/\/tetraepik.com\/es\/wp-json\/wp\/v2\/pages"}],"about":[{"href":"https:\/\/tetraepik.com\/es\/wp-json\/wp\/v2\/types\/page"}],"author":[{"embeddable":true,"href":"https:\/\/tetraepik.com\/es\/wp-json\/wp\/v2\/users\/5"}],"replies":[{"embeddable":true,"href":"https:\/\/tetraepik.com\/es\/wp-json\/wp\/v2\/comments?post=2806"}],"version-history":[{"count":1,"href":"https:\/\/tetraepik.com\/es\/wp-json\/wp\/v2\/pages\/2806\/revisions"}],"predecessor-version":[{"id":2807,"href":"https:\/\/tetraepik.com\/es\/wp-json\/wp\/v2\/pages\/2806\/revisions\/2807"}],"wp:featuredmedia":[{"embeddable":true,"href":"https:\/\/tetraepik.com\/es\/wp-json\/wp\/v2\/media\/2944"}],"wp:attachment":[{"href":"https:\/\/tetraepik.com\/es\/wp-json\/wp\/v2\/media?parent=2806"}],"curies":[{"name":"wp","href":"https:\/\/api.w.org\/{rel}","templated":true}]}}