{"id":359,"date":"2018-08-29T18:45:30","date_gmt":"2018-08-29T18:45:30","guid":{"rendered":"https:\/\/tetraepik.local\/responsabilidade-social\/"},"modified":"2019-05-20T11:46:35","modified_gmt":"2019-05-20T11:46:35","slug":"responsabilidade-social","status":"publish","type":"page","link":"https:\/\/tetraepik.com\/es\/responsabilidade-social\/","title":{"rendered":"Responsabilidad social"},"content":{"rendered":"<p><strong>TETRAEPIK se reafirma como una organizaci\u00f3n socialmente responsable, porque considera en su actividad el respeto por los derechos humanos, la defensa del Medio Ambiente, la igualdad en el trabajo y en el empleo y el respeto por los valores y principios \u00e9ticos de la sociedad a la cual pertenece.<\/strong><\/p>\n<p>Contribuimos, desde hace ya algunos a\u00f1os, con acciones de Organizaciones No Gubernamentales como Greenpeace y Amnist\u00eda Internacional, cuyo m\u00e9rito est\u00e1 globalmente reconocido, y con Abra\u00e7o, ONG portuguesa que lucha contra la discriminaci\u00f3n y defensa de los derechos de las personas afectadas por el VIH\/SIDA, as\u00ed como con el desarrollo de ONG de menor tama\u00f1o, ofreciendo servicios gratuitos o a precios sustancialmente m\u00e1s reducidos.<\/p>\n<p>Nuestra responsabilidad social se refleja, en t\u00e9rminos medioambientales, en una constante preocupaci\u00f3n por reducir la utilizaci\u00f3n de papel en los procesos internos y en el reciclaje de toners, pl\u00e1sticos y papel.<\/p>\n<p>Queremos contribuir y continuaremos contribuyendo de forma positiva con la sociedad y con la defensa del Medio Ambiente y de los derechos humanos.<\/p>\n","protected":false},"excerpt":{"rendered":"<p>TETRAEPIK se reafirma como una organizaci\u00f3n socialmente responsable, porque considera en su actividad el respeto por los derechos humanos, la defensa [&hellip;]<\/p>\n","protected":false},"author":2,"featured_media":3147,"parent":0,"menu_order":0,"comment_status":"closed","ping_status":"closed","template":"page-templates\/template-geral.php","meta":{"footnotes":""},"acf":[],"yoast_head":"<!-- This site is optimized with the Yoast SEO plugin v21.9.1 - https:\/\/yoast.com\/wordpress\/plugins\/seo\/ -->\n<title>Responsabilidad social - TETRAEPIK<\/title>\n<meta name=\"robots\" content=\"index, follow, max-snippet:-1, max-image-preview:large, max-video-preview:-1\" \/>\n<link rel=\"canonical\" href=\"https:\/\/tetraepik.com\/es\/responsabilidade-social\/\" \/>\n<meta property=\"og:locale\" content=\"es_ES\" \/>\n<meta property=\"og:type\" content=\"article\" \/>\n<meta property=\"og:title\" content=\"Responsabilidad social - TETRAEPIK\" \/>\n<meta property=\"og:description\" content=\"TETRAEPIK se reafirma como una organizaci\u00f3n socialmente responsable, porque considera en su actividad el respeto por los derechos humanos, la defensa [&hellip;]\" \/>\n<meta property=\"og:url\" content=\"https:\/\/tetraepik.com\/es\/responsabilidade-social\/\" \/>\n<meta property=\"og:site_name\" content=\"TETRAEPIK\" \/>\n<meta property=\"article:modified_time\" content=\"2019-05-20T11:46:35+00:00\" \/>\n<meta property=\"og:image\" content=\"https:\/\/tetraepik.com\/wp-content\/uploads\/2019\/04\/Arvores-1024x811.jpg\" \/>\n\t<meta property=\"og:image:width\" content=\"1024\" \/>\n\t<meta property=\"og:image:height\" content=\"811\" \/>\n\t<meta property=\"og:image:type\" content=\"image\/jpeg\" \/>\n<meta name=\"twitter:card\" content=\"summary_large_image\" \/>\n<meta name=\"twitter:label1\" content=\"Tiempo de lectura\" \/>\n\t<meta name=\"twitter:data1\" content=\"1 minuto\" \/>\n<!-- \/ Yoast SEO plugin. -->","yoast_head_json":{"title":"Responsabilidad social - TETRAEPIK","robots":{"index":"index","follow":"follow","max-snippet":"max-snippet:-1","max-image-preview":"max-image-preview:large","max-video-preview":"max-video-preview:-1"},"canonical":"https:\/\/tetraepik.com\/es\/responsabilidade-social\/","og_locale":"es_ES","og_type":"article","og_title":"Responsabilidad social - TETRAEPIK","og_description":"TETRAEPIK se reafirma como una organizaci\u00f3n socialmente responsable, porque considera en su actividad el respeto por los derechos humanos, la defensa [&hellip;]","og_url":"https:\/\/tetraepik.com\/es\/responsabilidade-social\/","og_site_name":"TETRAEPIK","article_modified_time":"2019-05-20T11:46:35+00:00","og_image":[{"width":1024,"height":811,"url":"https:\/\/tetraepik.com\/wp-content\/uploads\/2019\/04\/Arvores-1024x811.jpg","type":"image\/jpeg"}],"twitter_card":"summary_large_image","twitter_misc":{"Tiempo de lectura":"1 minuto"},"schema":{"@context":"https:\/\/schema.org","@graph":[{"@type":"WebPage","@id":"https:\/\/tetraepik.com\/es\/responsabilidade-social\/","url":"https:\/\/tetraepik.com\/es\/responsabilidade-social\/","name":"Responsabilidad social - TETRAEPIK","isPartOf":{"@id":"https:\/\/tetraepik.com\/#website"},"datePublished":"2018-08-29T18:45:30+00:00","dateModified":"2019-05-20T11:46:35+00:00","breadcrumb":{"@id":"https:\/\/tetraepik.com\/es\/responsabilidade-social\/#breadcrumb"},"inLanguage":"es","potentialAction":[{"@type":"ReadAction","target":["https:\/\/tetraepik.com\/es\/responsabilidade-social\/"]}]},{"@type":"BreadcrumbList","@id":"https:\/\/tetraepik.com\/es\/responsabilidade-social\/#breadcrumb","itemListElement":[{"@type":"ListItem","position":1,"name":"In\u00edcio","item":"https:\/\/tetraepik.com\/es\/"},{"@type":"ListItem","position":2,"name":"Responsabilidad social"}]},{"@type":"WebSite","@id":"https:\/\/tetraepik.com\/#website","url":"https:\/\/tetraepik.com\/","name":"TETRAEPIK","description":"TETRAEPIK","potentialAction":[{"@type":"SearchAction","target":{"@type":"EntryPoint","urlTemplate":"https:\/\/tetraepik.com\/?s={search_term_string}"},"query-input":"required name=search_term_string"}],"inLanguage":"es"}]}},"_links":{"self":[{"href":"https:\/\/tetraepik.com\/es\/wp-json\/wp\/v2\/pages\/359"}],"collection":[{"href":"https:\/\/tetraepik.com\/es\/wp-json\/wp\/v2\/pages"}],"about":[{"href":"https:\/\/tetraepik.com\/es\/wp-json\/wp\/v2\/types\/page"}],"author":[{"embeddable":true,"href":"https:\/\/tetraepik.com\/es\/wp-json\/wp\/v2\/users\/2"}],"replies":[{"embeddable":true,"href":"https:\/\/tetraepik.com\/es\/wp-json\/wp\/v2\/comments?post=359"}],"version-history":[{"count":2,"href":"https:\/\/tetraepik.com\/es\/wp-json\/wp\/v2\/pages\/359\/revisions"}],"predecessor-version":[{"id":3546,"href":"https:\/\/tetraepik.com\/es\/wp-json\/wp\/v2\/pages\/359\/revisions\/3546"}],"wp:featuredmedia":[{"embeddable":true,"href":"https:\/\/tetraepik.com\/es\/wp-json\/wp\/v2\/media\/3147"}],"wp:attachment":[{"href":"https:\/\/tetraepik.com\/es\/wp-json\/wp\/v2\/media?parent=359"}],"curies":[{"name":"wp","href":"https:\/\/api.w.org\/{rel}","templated":true}]}}