{"id":367,"date":"2018-08-31T16:39:53","date_gmt":"2018-08-31T16:39:53","guid":{"rendered":"https:\/\/tetraepik.local\/recrutamento\/"},"modified":"2019-06-17T09:15:50","modified_gmt":"2019-06-17T09:15:50","slug":"recrutamento","status":"publish","type":"page","link":"https:\/\/tetraepik.com\/es\/recrutamento\/","title":{"rendered":"Trabaje con nosotros"},"content":{"rendered":"<p>\u00bfQuiere formar parte de nuestro equipo de trabajo? \u00a1Env\u00edenos su CV!<\/p>\n<p>Estamos constantemente buscando traductores cualificados y especializados que puedan contribuir a ampliar a\u00fan m\u00e1s el n\u00famero de combinaciones ling\u00fc\u00edsticas y \u00e1reas de trabajo que ofrecemos actualmente.<\/p>\n<p>La selecci\u00f3n de nuestros recursos humanos se realiza con base en la experiencia y en la profesionalidad, y en ex\u00e1menes rigurosos a los conocimientos t\u00e9cnicos y<\/p>\n<p>ling\u00fc\u00edsticos de los traductores. Para ello, todos los candidatos deber\u00e1n comenzar por enviar su curr\u00edculo a <span style=\"font-weight: 400;\"><a href=\"mailto:admin@tetraepik.com\">admin@tetraepik.com<\/a><\/span> con toda la informaci\u00f3n relevante.<\/p>\n","protected":false},"excerpt":{"rendered":"<p>\u00bfQuiere formar parte de nuestro equipo de trabajo? \u00a1Env\u00edenos su CV! Estamos constantemente buscando traductores cualificados y especializados que puedan contribuir [&hellip;]<\/p>\n","protected":false},"author":2,"featured_media":2237,"parent":0,"menu_order":0,"comment_status":"closed","ping_status":"closed","template":"page-templates\/template-recrutamento.php","meta":{"footnotes":""},"acf":[],"yoast_head":"<!-- This site is optimized with the Yoast SEO plugin v21.9.1 - https:\/\/yoast.com\/wordpress\/plugins\/seo\/ -->\n<title>Trabaje con nosotros - TETRAEPIK<\/title>\n<meta name=\"robots\" content=\"index, follow, max-snippet:-1, max-image-preview:large, max-video-preview:-1\" \/>\n<link rel=\"canonical\" href=\"https:\/\/tetraepik.com\/es\/recrutamento\/\" \/>\n<meta property=\"og:locale\" content=\"es_ES\" \/>\n<meta property=\"og:type\" content=\"article\" \/>\n<meta property=\"og:title\" content=\"Trabaje con nosotros - TETRAEPIK\" \/>\n<meta property=\"og:description\" content=\"\u00bfQuiere formar parte de nuestro equipo de trabajo? \u00a1Env\u00edenos su CV! Estamos constantemente buscando traductores cualificados y especializados que puedan contribuir [&hellip;]\" \/>\n<meta property=\"og:url\" content=\"https:\/\/tetraepik.com\/es\/recrutamento\/\" \/>\n<meta property=\"og:site_name\" content=\"TETRAEPIK\" \/>\n<meta property=\"article:modified_time\" content=\"2019-06-17T09:15:50+00:00\" \/>\n<meta property=\"og:image\" content=\"https:\/\/tetraepik.com\/wp-content\/uploads\/2019\/01\/Candidaturas-1-1024x240.jpg\" \/>\n\t<meta property=\"og:image:width\" content=\"1024\" \/>\n\t<meta property=\"og:image:height\" content=\"240\" \/>\n\t<meta property=\"og:image:type\" content=\"image\/jpeg\" \/>\n<meta name=\"twitter:card\" content=\"summary_large_image\" \/>\n<!-- \/ Yoast SEO plugin. -->","yoast_head_json":{"title":"Trabaje con nosotros - TETRAEPIK","robots":{"index":"index","follow":"follow","max-snippet":"max-snippet:-1","max-image-preview":"max-image-preview:large","max-video-preview":"max-video-preview:-1"},"canonical":"https:\/\/tetraepik.com\/es\/recrutamento\/","og_locale":"es_ES","og_type":"article","og_title":"Trabaje con nosotros - TETRAEPIK","og_description":"\u00bfQuiere formar parte de nuestro equipo de trabajo? \u00a1Env\u00edenos su CV! Estamos constantemente buscando traductores cualificados y especializados que puedan contribuir [&hellip;]","og_url":"https:\/\/tetraepik.com\/es\/recrutamento\/","og_site_name":"TETRAEPIK","article_modified_time":"2019-06-17T09:15:50+00:00","og_image":[{"width":1024,"height":240,"url":"https:\/\/tetraepik.com\/wp-content\/uploads\/2019\/01\/Candidaturas-1-1024x240.jpg","type":"image\/jpeg"}],"twitter_card":"summary_large_image","schema":{"@context":"https:\/\/schema.org","@graph":[{"@type":"WebPage","@id":"https:\/\/tetraepik.com\/es\/recrutamento\/","url":"https:\/\/tetraepik.com\/es\/recrutamento\/","name":"Trabaje con nosotros - TETRAEPIK","isPartOf":{"@id":"https:\/\/tetraepik.com\/#website"},"datePublished":"2018-08-31T16:39:53+00:00","dateModified":"2019-06-17T09:15:50+00:00","breadcrumb":{"@id":"https:\/\/tetraepik.com\/es\/recrutamento\/#breadcrumb"},"inLanguage":"es","potentialAction":[{"@type":"ReadAction","target":["https:\/\/tetraepik.com\/es\/recrutamento\/"]}]},{"@type":"BreadcrumbList","@id":"https:\/\/tetraepik.com\/es\/recrutamento\/#breadcrumb","itemListElement":[{"@type":"ListItem","position":1,"name":"In\u00edcio","item":"https:\/\/tetraepik.com\/es\/"},{"@type":"ListItem","position":2,"name":"Trabaje con nosotros"}]},{"@type":"WebSite","@id":"https:\/\/tetraepik.com\/#website","url":"https:\/\/tetraepik.com\/","name":"TETRAEPIK","description":"TETRAEPIK","potentialAction":[{"@type":"SearchAction","target":{"@type":"EntryPoint","urlTemplate":"https:\/\/tetraepik.com\/?s={search_term_string}"},"query-input":"required name=search_term_string"}],"inLanguage":"es"}]}},"_links":{"self":[{"href":"https:\/\/tetraepik.com\/es\/wp-json\/wp\/v2\/pages\/367"}],"collection":[{"href":"https:\/\/tetraepik.com\/es\/wp-json\/wp\/v2\/pages"}],"about":[{"href":"https:\/\/tetraepik.com\/es\/wp-json\/wp\/v2\/types\/page"}],"author":[{"embeddable":true,"href":"https:\/\/tetraepik.com\/es\/wp-json\/wp\/v2\/users\/2"}],"replies":[{"embeddable":true,"href":"https:\/\/tetraepik.com\/es\/wp-json\/wp\/v2\/comments?post=367"}],"version-history":[{"count":3,"href":"https:\/\/tetraepik.com\/es\/wp-json\/wp\/v2\/pages\/367\/revisions"}],"predecessor-version":[{"id":3987,"href":"https:\/\/tetraepik.com\/es\/wp-json\/wp\/v2\/pages\/367\/revisions\/3987"}],"wp:featuredmedia":[{"embeddable":true,"href":"https:\/\/tetraepik.com\/es\/wp-json\/wp\/v2\/media\/2237"}],"wp:attachment":[{"href":"https:\/\/tetraepik.com\/es\/wp-json\/wp\/v2\/media?parent=367"}],"curies":[{"name":"wp","href":"https:\/\/api.w.org\/{rel}","templated":true}]}}