{"id":380,"date":"2018-08-31T16:01:23","date_gmt":"2018-08-31T16:01:23","guid":{"rendered":"https:\/\/tetraepik.local\/clientes-e-parcerias\/"},"modified":"2019-05-27T16:37:54","modified_gmt":"2019-05-27T16:37:54","slug":"clientes-e-parcerias","status":"publish","type":"page","link":"https:\/\/tetraepik.com\/es\/clientes-e-parcerias\/","title":{"rendered":"Algunos de los clientes que depositan en nosotros toda su confianza:"},"content":{"rendered":"<p>Con m\u00e1s de diez a\u00f1os de experiencia, varias certificaciones de SAP y un premio en el \u00e1rea de la localizaci\u00f3n, nuestros clientes son quienes mejor pueden testimoniar la calidad de nuestro trabajo y quienes nos ayudan a&#8230; tener sentido:<\/p>\n","protected":false},"excerpt":{"rendered":"<p>Con m\u00e1s de diez a\u00f1os de experiencia, varias certificaciones de SAP y un premio en el \u00e1rea de la localizaci\u00f3n, nuestros [&hellip;]<\/p>\n","protected":false},"author":2,"featured_media":2131,"parent":0,"menu_order":0,"comment_status":"closed","ping_status":"closed","template":"page-templates\/template-clientes.php","meta":{"footnotes":""},"acf":[],"yoast_head":"<!-- This site is optimized with the Yoast SEO plugin v21.9.1 - https:\/\/yoast.com\/wordpress\/plugins\/seo\/ -->\n<title>Algunos de los clientes que depositan en nosotros toda su confianza: - TETRAEPIK<\/title>\n<meta name=\"robots\" content=\"index, follow, max-snippet:-1, max-image-preview:large, max-video-preview:-1\" \/>\n<link rel=\"canonical\" href=\"https:\/\/tetraepik.com\/es\/clientes-e-parcerias\/\" \/>\n<meta property=\"og:locale\" content=\"es_ES\" \/>\n<meta property=\"og:type\" content=\"article\" \/>\n<meta property=\"og:title\" content=\"Algunos de los clientes que depositan en nosotros toda su confianza: - TETRAEPIK\" \/>\n<meta property=\"og:description\" content=\"Con m\u00e1s de diez a\u00f1os de experiencia, varias certificaciones de SAP y un premio en el \u00e1rea de la localizaci\u00f3n, nuestros [&hellip;]\" \/>\n<meta property=\"og:url\" content=\"https:\/\/tetraepik.com\/es\/clientes-e-parcerias\/\" \/>\n<meta property=\"og:site_name\" content=\"TETRAEPIK\" \/>\n<meta property=\"article:modified_time\" content=\"2019-05-27T16:37:54+00:00\" \/>\n<meta property=\"og:image\" content=\"https:\/\/tetraepik.com\/wp-content\/uploads\/2019\/01\/Parcerias-e-clientes.png\" \/>\n\t<meta property=\"og:image:width\" content=\"1920\" \/>\n\t<meta property=\"og:image:height\" content=\"451\" \/>\n\t<meta property=\"og:image:type\" content=\"image\/png\" \/>\n<meta name=\"twitter:card\" content=\"summary_large_image\" \/>\n<!-- \/ Yoast SEO plugin. -->","yoast_head_json":{"title":"Algunos de los clientes que depositan en nosotros toda su confianza: - TETRAEPIK","robots":{"index":"index","follow":"follow","max-snippet":"max-snippet:-1","max-image-preview":"max-image-preview:large","max-video-preview":"max-video-preview:-1"},"canonical":"https:\/\/tetraepik.com\/es\/clientes-e-parcerias\/","og_locale":"es_ES","og_type":"article","og_title":"Algunos de los clientes que depositan en nosotros toda su confianza: - TETRAEPIK","og_description":"Con m\u00e1s de diez a\u00f1os de experiencia, varias certificaciones de SAP y un premio en el \u00e1rea de la localizaci\u00f3n, nuestros [&hellip;]","og_url":"https:\/\/tetraepik.com\/es\/clientes-e-parcerias\/","og_site_name":"TETRAEPIK","article_modified_time":"2019-05-27T16:37:54+00:00","og_image":[{"width":1920,"height":451,"url":"https:\/\/tetraepik.com\/wp-content\/uploads\/2019\/01\/Parcerias-e-clientes.png","type":"image\/png"}],"twitter_card":"summary_large_image","schema":{"@context":"https:\/\/schema.org","@graph":[{"@type":"WebPage","@id":"https:\/\/tetraepik.com\/es\/clientes-e-parcerias\/","url":"https:\/\/tetraepik.com\/es\/clientes-e-parcerias\/","name":"Algunos de los clientes que depositan en nosotros toda su confianza: - TETRAEPIK","isPartOf":{"@id":"https:\/\/tetraepik.com\/#website"},"datePublished":"2018-08-31T16:01:23+00:00","dateModified":"2019-05-27T16:37:54+00:00","breadcrumb":{"@id":"https:\/\/tetraepik.com\/es\/clientes-e-parcerias\/#breadcrumb"},"inLanguage":"es","potentialAction":[{"@type":"ReadAction","target":["https:\/\/tetraepik.com\/es\/clientes-e-parcerias\/"]}]},{"@type":"BreadcrumbList","@id":"https:\/\/tetraepik.com\/es\/clientes-e-parcerias\/#breadcrumb","itemListElement":[{"@type":"ListItem","position":1,"name":"In\u00edcio","item":"https:\/\/tetraepik.com\/es\/"},{"@type":"ListItem","position":2,"name":"Algunos de los clientes que depositan en nosotros toda su confianza:"}]},{"@type":"WebSite","@id":"https:\/\/tetraepik.com\/#website","url":"https:\/\/tetraepik.com\/","name":"TETRAEPIK","description":"TETRAEPIK","potentialAction":[{"@type":"SearchAction","target":{"@type":"EntryPoint","urlTemplate":"https:\/\/tetraepik.com\/?s={search_term_string}"},"query-input":"required name=search_term_string"}],"inLanguage":"es"}]}},"_links":{"self":[{"href":"https:\/\/tetraepik.com\/es\/wp-json\/wp\/v2\/pages\/380"}],"collection":[{"href":"https:\/\/tetraepik.com\/es\/wp-json\/wp\/v2\/pages"}],"about":[{"href":"https:\/\/tetraepik.com\/es\/wp-json\/wp\/v2\/types\/page"}],"author":[{"embeddable":true,"href":"https:\/\/tetraepik.com\/es\/wp-json\/wp\/v2\/users\/2"}],"replies":[{"embeddable":true,"href":"https:\/\/tetraepik.com\/es\/wp-json\/wp\/v2\/comments?post=380"}],"version-history":[{"count":4,"href":"https:\/\/tetraepik.com\/es\/wp-json\/wp\/v2\/pages\/380\/revisions"}],"predecessor-version":[{"id":3615,"href":"https:\/\/tetraepik.com\/es\/wp-json\/wp\/v2\/pages\/380\/revisions\/3615"}],"wp:featuredmedia":[{"embeddable":true,"href":"https:\/\/tetraepik.com\/es\/wp-json\/wp\/v2\/media\/2131"}],"wp:attachment":[{"href":"https:\/\/tetraepik.com\/es\/wp-json\/wp\/v2\/media?parent=380"}],"curies":[{"name":"wp","href":"https:\/\/api.w.org\/{rel}","templated":true}]}}