{"id":3273,"date":"2019-04-08T16:15:00","date_gmt":"2019-04-08T16:15:00","guid":{"rendered":"https:\/\/tetraepik.local\/?page_id=3273"},"modified":"2019-05-06T14:13:08","modified_gmt":"2019-05-06T14:13:08","slug":"blog","status":"publish","type":"page","link":"https:\/\/tetraepik.com\/fr\/blog\/","title":{"rendered":"Blog"},"content":{"rendered":"\n<p>Cet espace est r\u00e9serv\u00e9 aux nouveaut\u00e9s,\ncuriosit\u00e9s, articles d\u2019opinion, parmi beaucoup d\u2019autres informations. Si vous\nne voulez pas \u00eatre d\u00e9pass\u00e9, restez attentif \u00e0 notre blog ! Suivez-nous sur les\nr\u00e9seaux sociaux, o\u00f9 vous pourrez \u00eatre au courant de tout ce qui ce passe dans\nl\u2019univers TETRAEPIK. <\/p>\n\n\n\n<p>Si vous souhaitez donner votre avis, sugg\u00e9rer un th\u00e8me que vous aimeriez voir abord\u00e9 ou si vous avez besoin d\u2019\u00e9claircir un doute sur le Blog, parlez-nous via le chat ou envoyez un e-mail \u00e0 rita.silva@tetraepik.com.<\/p>\n","protected":false},"excerpt":{"rendered":"<p>Cet espace est r\u00e9serv\u00e9 aux nouveaut\u00e9s, curiosit\u00e9s, articles d\u2019opinion, parmi beaucoup d\u2019autres informations. Si vous ne voulez pas \u00eatre d\u00e9pass\u00e9, restez [&hellip;]<\/p>\n","protected":false},"author":5,"featured_media":3133,"parent":0,"menu_order":0,"comment_status":"closed","ping_status":"closed","template":"page-templates\/blog.php","meta":{"footnotes":""},"acf":[],"yoast_head":"<!-- This site is optimized with the Yoast SEO plugin v21.9.1 - https:\/\/yoast.com\/wordpress\/plugins\/seo\/ -->\n<title>Blog - TETRAEPIK<\/title>\n<meta name=\"robots\" content=\"index, follow, max-snippet:-1, max-image-preview:large, max-video-preview:-1\" \/>\n<link rel=\"canonical\" href=\"https:\/\/tetraepik.com\/fr\/blog\/\" \/>\n<meta property=\"og:locale\" content=\"fr_FR\" \/>\n<meta property=\"og:type\" content=\"article\" \/>\n<meta property=\"og:title\" content=\"Blog - TETRAEPIK\" \/>\n<meta property=\"og:description\" content=\"Cet espace est r\u00e9serv\u00e9 aux nouveaut\u00e9s, curiosit\u00e9s, articles d\u2019opinion, parmi beaucoup d\u2019autres informations. Si vous ne voulez pas \u00eatre d\u00e9pass\u00e9, restez [&hellip;]\" \/>\n<meta property=\"og:url\" content=\"https:\/\/tetraepik.com\/fr\/blog\/\" \/>\n<meta property=\"og:site_name\" content=\"TETRAEPIK\" \/>\n<meta property=\"article:modified_time\" content=\"2019-05-06T14:13:08+00:00\" \/>\n<meta property=\"og:image\" content=\"https:\/\/tetraepik.com\/wp-content\/uploads\/2019\/04\/Coreia-Sul_baloes1_blog.jpg\" \/>\n\t<meta property=\"og:image:width\" content=\"4608\" \/>\n\t<meta property=\"og:image:height\" content=\"3456\" \/>\n\t<meta property=\"og:image:type\" content=\"image\/jpeg\" \/>\n<meta name=\"twitter:card\" content=\"summary_large_image\" \/>\n<!-- \/ Yoast SEO plugin. -->","yoast_head_json":{"title":"Blog - TETRAEPIK","robots":{"index":"index","follow":"follow","max-snippet":"max-snippet:-1","max-image-preview":"max-image-preview:large","max-video-preview":"max-video-preview:-1"},"canonical":"https:\/\/tetraepik.com\/fr\/blog\/","og_locale":"fr_FR","og_type":"article","og_title":"Blog - TETRAEPIK","og_description":"Cet espace est r\u00e9serv\u00e9 aux nouveaut\u00e9s, curiosit\u00e9s, articles d\u2019opinion, parmi beaucoup d\u2019autres informations. Si vous ne voulez pas \u00eatre d\u00e9pass\u00e9, restez [&hellip;]","og_url":"https:\/\/tetraepik.com\/fr\/blog\/","og_site_name":"TETRAEPIK","article_modified_time":"2019-05-06T14:13:08+00:00","og_image":[{"width":4608,"height":3456,"url":"https:\/\/tetraepik.com\/wp-content\/uploads\/2019\/04\/Coreia-Sul_baloes1_blog.jpg","type":"image\/jpeg"}],"twitter_card":"summary_large_image","schema":{"@context":"https:\/\/schema.org","@graph":[{"@type":"WebPage","@id":"https:\/\/tetraepik.com\/fr\/blog\/","url":"https:\/\/tetraepik.com\/fr\/blog\/","name":"Blog - TETRAEPIK","isPartOf":{"@id":"https:\/\/tetraepik.com\/#website"},"datePublished":"2019-04-08T16:15:00+00:00","dateModified":"2019-05-06T14:13:08+00:00","breadcrumb":{"@id":"https:\/\/tetraepik.com\/fr\/blog\/#breadcrumb"},"inLanguage":"fr-FR","potentialAction":[{"@type":"ReadAction","target":["https:\/\/tetraepik.com\/fr\/blog\/"]}]},{"@type":"BreadcrumbList","@id":"https:\/\/tetraepik.com\/fr\/blog\/#breadcrumb","itemListElement":[{"@type":"ListItem","position":1,"name":"In\u00edcio","item":"https:\/\/tetraepik.com\/fr\/"},{"@type":"ListItem","position":2,"name":"Blog"}]},{"@type":"WebSite","@id":"https:\/\/tetraepik.com\/#website","url":"https:\/\/tetraepik.com\/","name":"TETRAEPIK","description":"TETRAEPIK","potentialAction":[{"@type":"SearchAction","target":{"@type":"EntryPoint","urlTemplate":"https:\/\/tetraepik.com\/?s={search_term_string}"},"query-input":"required name=search_term_string"}],"inLanguage":"fr-FR"}]}},"_links":{"self":[{"href":"https:\/\/tetraepik.com\/fr\/wp-json\/wp\/v2\/pages\/3273"}],"collection":[{"href":"https:\/\/tetraepik.com\/fr\/wp-json\/wp\/v2\/pages"}],"about":[{"href":"https:\/\/tetraepik.com\/fr\/wp-json\/wp\/v2\/types\/page"}],"author":[{"embeddable":true,"href":"https:\/\/tetraepik.com\/fr\/wp-json\/wp\/v2\/users\/5"}],"replies":[{"embeddable":true,"href":"https:\/\/tetraepik.com\/fr\/wp-json\/wp\/v2\/comments?post=3273"}],"version-history":[{"count":2,"href":"https:\/\/tetraepik.com\/fr\/wp-json\/wp\/v2\/pages\/3273\/revisions"}],"predecessor-version":[{"id":3462,"href":"https:\/\/tetraepik.com\/fr\/wp-json\/wp\/v2\/pages\/3273\/revisions\/3462"}],"wp:featuredmedia":[{"embeddable":true,"href":"https:\/\/tetraepik.com\/fr\/wp-json\/wp\/v2\/media\/3133"}],"wp:attachment":[{"href":"https:\/\/tetraepik.com\/fr\/wp-json\/wp\/v2\/media?parent=3273"}],"curies":[{"name":"wp","href":"https:\/\/api.w.org\/{rel}","templated":true}]}}