{"id":3282,"date":"2019-04-08T16:23:15","date_gmt":"2019-04-08T16:23:15","guid":{"rendered":"https:\/\/tetraepik.local\/?page_id=3282"},"modified":"2019-05-06T14:14:42","modified_gmt":"2019-05-06T14:14:42","slug":"learning-solutions","status":"publish","type":"page","link":"https:\/\/tetraepik.com\/fr\/learning-solutions\/","title":{"rendered":"Learning Solutions"},"content":{"rendered":"\n<p>Les comp\u00e9tences linguistiques sont un facteur de diff\u00e9renciation de plus en plus important dans le monde globalis\u00e9 o\u00f9 nous vivons. Nous sommes en mesure d\u2019assurer tous les types d\u2019accompagnement linguistique et dispensons des cours de langues adapt\u00e9s \u00e0 tous vos besoins.<\/p>\n","protected":false},"excerpt":{"rendered":"<p>Les comp\u00e9tences linguistiques sont un facteur de diff\u00e9renciation de plus en plus important dans le monde globalis\u00e9 o\u00f9 nous vivons. Nous [&hellip;]<\/p>\n","protected":false},"author":5,"featured_media":3114,"parent":0,"menu_order":0,"comment_status":"closed","ping_status":"closed","template":"page-templates\/learning-solutions.php","meta":{"footnotes":""},"acf":[],"yoast_head":"<!-- This site is optimized with the Yoast SEO plugin v21.9.1 - https:\/\/yoast.com\/wordpress\/plugins\/seo\/ -->\n<title>Learning Solutions - TETRAEPIK<\/title>\n<meta name=\"robots\" content=\"index, follow, max-snippet:-1, max-image-preview:large, max-video-preview:-1\" \/>\n<link rel=\"canonical\" href=\"https:\/\/tetraepik.com\/fr\/learning-solutions\/\" \/>\n<meta property=\"og:locale\" content=\"fr_FR\" \/>\n<meta property=\"og:type\" content=\"article\" \/>\n<meta property=\"og:title\" content=\"Learning Solutions - TETRAEPIK\" \/>\n<meta property=\"og:description\" content=\"Les comp\u00e9tences linguistiques sont un facteur de diff\u00e9renciation de plus en plus important dans le monde globalis\u00e9 o\u00f9 nous vivons. Nous [&hellip;]\" \/>\n<meta property=\"og:url\" content=\"https:\/\/tetraepik.com\/fr\/learning-solutions\/\" \/>\n<meta property=\"og:site_name\" content=\"TETRAEPIK\" \/>\n<meta property=\"article:modified_time\" content=\"2019-05-06T14:14:42+00:00\" \/>\n<meta property=\"og:image\" content=\"https:\/\/tetraepik.com\/wp-content\/uploads\/2019\/04\/IMG_1469_LS_crop-2.jpg\" \/>\n\t<meta property=\"og:image:width\" content=\"6240\" \/>\n\t<meta property=\"og:image:height\" content=\"2070\" \/>\n\t<meta property=\"og:image:type\" content=\"image\/jpeg\" \/>\n<meta name=\"twitter:card\" content=\"summary_large_image\" \/>\n<!-- \/ Yoast SEO plugin. -->","yoast_head_json":{"title":"Learning Solutions - TETRAEPIK","robots":{"index":"index","follow":"follow","max-snippet":"max-snippet:-1","max-image-preview":"max-image-preview:large","max-video-preview":"max-video-preview:-1"},"canonical":"https:\/\/tetraepik.com\/fr\/learning-solutions\/","og_locale":"fr_FR","og_type":"article","og_title":"Learning Solutions - TETRAEPIK","og_description":"Les comp\u00e9tences linguistiques sont un facteur de diff\u00e9renciation de plus en plus important dans le monde globalis\u00e9 o\u00f9 nous vivons. Nous [&hellip;]","og_url":"https:\/\/tetraepik.com\/fr\/learning-solutions\/","og_site_name":"TETRAEPIK","article_modified_time":"2019-05-06T14:14:42+00:00","og_image":[{"width":6240,"height":2070,"url":"https:\/\/tetraepik.com\/wp-content\/uploads\/2019\/04\/IMG_1469_LS_crop-2.jpg","type":"image\/jpeg"}],"twitter_card":"summary_large_image","schema":{"@context":"https:\/\/schema.org","@graph":[{"@type":"WebPage","@id":"https:\/\/tetraepik.com\/fr\/learning-solutions\/","url":"https:\/\/tetraepik.com\/fr\/learning-solutions\/","name":"Learning Solutions - TETRAEPIK","isPartOf":{"@id":"https:\/\/tetraepik.com\/#website"},"datePublished":"2019-04-08T16:23:15+00:00","dateModified":"2019-05-06T14:14:42+00:00","breadcrumb":{"@id":"https:\/\/tetraepik.com\/fr\/learning-solutions\/#breadcrumb"},"inLanguage":"fr-FR","potentialAction":[{"@type":"ReadAction","target":["https:\/\/tetraepik.com\/fr\/learning-solutions\/"]}]},{"@type":"BreadcrumbList","@id":"https:\/\/tetraepik.com\/fr\/learning-solutions\/#breadcrumb","itemListElement":[{"@type":"ListItem","position":1,"name":"In\u00edcio","item":"https:\/\/tetraepik.com\/fr\/"},{"@type":"ListItem","position":2,"name":"Learning Solutions"}]},{"@type":"WebSite","@id":"https:\/\/tetraepik.com\/#website","url":"https:\/\/tetraepik.com\/","name":"TETRAEPIK","description":"TETRAEPIK","potentialAction":[{"@type":"SearchAction","target":{"@type":"EntryPoint","urlTemplate":"https:\/\/tetraepik.com\/?s={search_term_string}"},"query-input":"required name=search_term_string"}],"inLanguage":"fr-FR"}]}},"_links":{"self":[{"href":"https:\/\/tetraepik.com\/fr\/wp-json\/wp\/v2\/pages\/3282"}],"collection":[{"href":"https:\/\/tetraepik.com\/fr\/wp-json\/wp\/v2\/pages"}],"about":[{"href":"https:\/\/tetraepik.com\/fr\/wp-json\/wp\/v2\/types\/page"}],"author":[{"embeddable":true,"href":"https:\/\/tetraepik.com\/fr\/wp-json\/wp\/v2\/users\/5"}],"replies":[{"embeddable":true,"href":"https:\/\/tetraepik.com\/fr\/wp-json\/wp\/v2\/comments?post=3282"}],"version-history":[{"count":3,"href":"https:\/\/tetraepik.com\/fr\/wp-json\/wp\/v2\/pages\/3282\/revisions"}],"predecessor-version":[{"id":3463,"href":"https:\/\/tetraepik.com\/fr\/wp-json\/wp\/v2\/pages\/3282\/revisions\/3463"}],"wp:featuredmedia":[{"embeddable":true,"href":"https:\/\/tetraepik.com\/fr\/wp-json\/wp\/v2\/media\/3114"}],"wp:attachment":[{"href":"https:\/\/tetraepik.com\/fr\/wp-json\/wp\/v2\/media?parent=3282"}],"curies":[{"name":"wp","href":"https:\/\/api.w.org\/{rel}","templated":true}]}}