{"id":3290,"date":"2019-04-08T16:33:29","date_gmt":"2019-04-08T16:33:29","guid":{"rendered":"https:\/\/tetraepik.local\/?page_id=3290"},"modified":"2023-01-30T16:58:40","modified_gmt":"2023-01-30T16:58:40","slug":"interpretation-solutions","status":"publish","type":"page","link":"https:\/\/tetraepik.com\/fr\/interpretation-solutions\/","title":{"rendered":"Interpretation Solutions"},"content":{"rendered":"\r\n<p>Nous comptons sur une \u00e9quipe d\u2019interpr\u00e8tes exp\u00e9riment\u00e9s qui assurera le succ\u00e8s de tous vos \u00e9v\u00e9nements, des conf\u00e9rences aux audiences des tribunaux, des actions de formation aux mariages et ce, aussi bien au Portugal qu&#8217;\u00e0 l&#8217;\u00e9tranger. Nous sommes en mesure de vous conseiller et pouvons \u00e9galement vous orienter vers notre r\u00e9seau de contacts pour que vous puissiez obtenir le mat\u00e9riel n\u00e9cessaire \u00e0 votre \u00e9v\u00e9nement.<\/p>\r\n","protected":false},"excerpt":{"rendered":"<p>Nous comptons sur une \u00e9quipe d\u2019interpr\u00e8tes exp\u00e9riment\u00e9s qui assurera le succ\u00e8s de tous vos \u00e9v\u00e9nements, des conf\u00e9rences aux audiences des tribunaux, [&hellip;]<\/p>\n","protected":false},"author":5,"featured_media":2982,"parent":0,"menu_order":0,"comment_status":"closed","ping_status":"closed","template":"page-templates\/interpretation-solutions.php","meta":{"footnotes":""},"acf":[],"yoast_head":"<!-- This site is optimized with the Yoast SEO plugin v21.9.1 - https:\/\/yoast.com\/wordpress\/plugins\/seo\/ -->\n<title>Interpretation Solutions - TETRAEPIK<\/title>\n<meta name=\"robots\" content=\"index, follow, max-snippet:-1, max-image-preview:large, max-video-preview:-1\" \/>\n<link rel=\"canonical\" href=\"https:\/\/tetraepik.com\/fr\/interpretation-solutions\/\" \/>\n<meta property=\"og:locale\" content=\"fr_FR\" \/>\n<meta property=\"og:type\" content=\"article\" \/>\n<meta property=\"og:title\" content=\"Interpretation Solutions - TETRAEPIK\" \/>\n<meta property=\"og:description\" content=\"Nous comptons sur une \u00e9quipe d\u2019interpr\u00e8tes exp\u00e9riment\u00e9s qui assurera le succ\u00e8s de tous vos \u00e9v\u00e9nements, des conf\u00e9rences aux audiences des tribunaux, [&hellip;]\" \/>\n<meta property=\"og:url\" content=\"https:\/\/tetraepik.com\/fr\/interpretation-solutions\/\" \/>\n<meta property=\"og:site_name\" content=\"TETRAEPIK\" \/>\n<meta property=\"article:modified_time\" content=\"2023-01-30T16:58:40+00:00\" \/>\n<meta property=\"og:image\" content=\"https:\/\/tetraepik.com\/wp-content\/uploads\/2019\/04\/A-garden-where-a-beach-used-to-be-Lisbon-Portugal-2.jpg\" \/>\n\t<meta property=\"og:image:width\" content=\"3141\" \/>\n\t<meta property=\"og:image:height\" content=\"2094\" \/>\n\t<meta property=\"og:image:type\" content=\"image\/jpeg\" \/>\n<meta name=\"twitter:card\" content=\"summary_large_image\" \/>\n<meta name=\"twitter:label1\" content=\"Dur\u00e9e de lecture estim\u00e9e\" \/>\n\t<meta name=\"twitter:data1\" content=\"1 minute\" \/>\n<!-- \/ Yoast SEO plugin. -->","yoast_head_json":{"title":"Interpretation Solutions - TETRAEPIK","robots":{"index":"index","follow":"follow","max-snippet":"max-snippet:-1","max-image-preview":"max-image-preview:large","max-video-preview":"max-video-preview:-1"},"canonical":"https:\/\/tetraepik.com\/fr\/interpretation-solutions\/","og_locale":"fr_FR","og_type":"article","og_title":"Interpretation Solutions - TETRAEPIK","og_description":"Nous comptons sur une \u00e9quipe d\u2019interpr\u00e8tes exp\u00e9riment\u00e9s qui assurera le succ\u00e8s de tous vos \u00e9v\u00e9nements, des conf\u00e9rences aux audiences des tribunaux, [&hellip;]","og_url":"https:\/\/tetraepik.com\/fr\/interpretation-solutions\/","og_site_name":"TETRAEPIK","article_modified_time":"2023-01-30T16:58:40+00:00","og_image":[{"width":3141,"height":2094,"url":"https:\/\/tetraepik.com\/wp-content\/uploads\/2019\/04\/A-garden-where-a-beach-used-to-be-Lisbon-Portugal-2.jpg","type":"image\/jpeg"}],"twitter_card":"summary_large_image","twitter_misc":{"Dur\u00e9e de lecture estim\u00e9e":"1 minute"},"schema":{"@context":"https:\/\/schema.org","@graph":[{"@type":"WebPage","@id":"https:\/\/tetraepik.com\/fr\/interpretation-solutions\/","url":"https:\/\/tetraepik.com\/fr\/interpretation-solutions\/","name":"Interpretation Solutions - TETRAEPIK","isPartOf":{"@id":"https:\/\/tetraepik.com\/#website"},"datePublished":"2019-04-08T16:33:29+00:00","dateModified":"2023-01-30T16:58:40+00:00","breadcrumb":{"@id":"https:\/\/tetraepik.com\/fr\/interpretation-solutions\/#breadcrumb"},"inLanguage":"fr-FR","potentialAction":[{"@type":"ReadAction","target":["https:\/\/tetraepik.com\/fr\/interpretation-solutions\/"]}]},{"@type":"BreadcrumbList","@id":"https:\/\/tetraepik.com\/fr\/interpretation-solutions\/#breadcrumb","itemListElement":[{"@type":"ListItem","position":1,"name":"In\u00edcio","item":"https:\/\/tetraepik.com\/fr\/"},{"@type":"ListItem","position":2,"name":"Interpretation Solutions"}]},{"@type":"WebSite","@id":"https:\/\/tetraepik.com\/#website","url":"https:\/\/tetraepik.com\/","name":"TETRAEPIK","description":"TETRAEPIK","potentialAction":[{"@type":"SearchAction","target":{"@type":"EntryPoint","urlTemplate":"https:\/\/tetraepik.com\/?s={search_term_string}"},"query-input":"required name=search_term_string"}],"inLanguage":"fr-FR"}]}},"_links":{"self":[{"href":"https:\/\/tetraepik.com\/fr\/wp-json\/wp\/v2\/pages\/3290"}],"collection":[{"href":"https:\/\/tetraepik.com\/fr\/wp-json\/wp\/v2\/pages"}],"about":[{"href":"https:\/\/tetraepik.com\/fr\/wp-json\/wp\/v2\/types\/page"}],"author":[{"embeddable":true,"href":"https:\/\/tetraepik.com\/fr\/wp-json\/wp\/v2\/users\/5"}],"replies":[{"embeddable":true,"href":"https:\/\/tetraepik.com\/fr\/wp-json\/wp\/v2\/comments?post=3290"}],"version-history":[{"count":4,"href":"https:\/\/tetraepik.com\/fr\/wp-json\/wp\/v2\/pages\/3290\/revisions"}],"predecessor-version":[{"id":6368,"href":"https:\/\/tetraepik.com\/fr\/wp-json\/wp\/v2\/pages\/3290\/revisions\/6368"}],"wp:featuredmedia":[{"embeddable":true,"href":"https:\/\/tetraepik.com\/fr\/wp-json\/wp\/v2\/media\/2982"}],"wp:attachment":[{"href":"https:\/\/tetraepik.com\/fr\/wp-json\/wp\/v2\/media?parent=3290"}],"curies":[{"name":"wp","href":"https:\/\/api.w.org\/{rel}","templated":true}]}}