{"id":355,"date":"2018-08-29T18:45:30","date_gmt":"2018-08-29T18:45:30","guid":{"rendered":"https:\/\/tetraepik.local\/responsabilidade-social\/"},"modified":"2019-04-12T15:39:11","modified_gmt":"2019-04-12T15:39:11","slug":"responsabilidade-social","status":"publish","type":"page","link":"https:\/\/tetraepik.com\/fr\/responsabilidade-social\/","title":{"rendered":"Responsabilit\u00e9 Sociale"},"content":{"rendered":"<p>TETRAEPIK s\u2019affirme comme une organisation socialement responsable. Elle exerce, en effet, son activit\u00e9 dans le respect des droits humains, de la d\u00e9fense de l\u2019environnement, de l\u2019\u00e9galit\u00e9 dans le travail et dans l\u2019emploi ainsi que des valeurs et principes \u00e9tiques de la soci\u00e9t\u00e9 dans laquelle elle est ins\u00e9r\u00e9e.<\/p>\n<p>Nous contribuons depuis plusieurs ann\u00e9es \u00e0 des actions d\u2019organisations non \u00a0gouvernementales, comme Greenpeace et Amnesty International, dont le m\u00e9rite est reconnu \u00e0 l\u2019\u00e9chelle mondiale, \u00e0 Abra\u00e7o, ONG portugaise qui lutte contre la discrimination et d\u00e9fend les droits des personnes affect\u00e9es par le VIH\/SIDA, ainsi qu\u2019au d\u00e9veloppement d\u2019ONG de moindres dimensions, en leur fournissant des services gratuits ou \u00e0 des prix substantiellement r\u00e9duits.<\/p>\n<p>Notre responsabilit\u00e9 sociale se traduit, en termes environnementaux, par une constante pr\u00e9occupation \u00e0 r\u00e9duire l\u2019utilisation de papier dans les processus internes et par le recyclage des cartouches d\u2019encre, du plastique et du papier.<\/p>\n<p>Nous pr\u00e9tendons et continuerons \u00e0 contribuer de fa\u00e7on positive pour la soci\u00e9t\u00e9 et pour la d\u00e9fense de l\u2019environnement et des droits humains.<\/p>\n","protected":false},"excerpt":{"rendered":"<p>TETRAEPIK s\u2019affirme comme une organisation socialement responsable. Elle exerce, en effet, son activit\u00e9 dans le respect des droits humains, de la [&hellip;]<\/p>\n","protected":false},"author":2,"featured_media":3145,"parent":0,"menu_order":0,"comment_status":"closed","ping_status":"closed","template":"page-templates\/template-geral.php","meta":{"footnotes":""},"acf":[],"yoast_head":"<!-- This site is optimized with the Yoast SEO plugin v21.9.1 - https:\/\/yoast.com\/wordpress\/plugins\/seo\/ -->\n<title>Responsabilit\u00e9 Sociale - TETRAEPIK<\/title>\n<meta name=\"robots\" content=\"index, follow, max-snippet:-1, max-image-preview:large, max-video-preview:-1\" \/>\n<link rel=\"canonical\" href=\"https:\/\/tetraepik.com\/fr\/responsabilidade-social\/\" \/>\n<meta property=\"og:locale\" content=\"fr_FR\" \/>\n<meta property=\"og:type\" content=\"article\" \/>\n<meta property=\"og:title\" content=\"Responsabilit\u00e9 Sociale - TETRAEPIK\" \/>\n<meta property=\"og:description\" content=\"TETRAEPIK s\u2019affirme comme une organisation socialement responsable. Elle exerce, en effet, son activit\u00e9 dans le respect des droits humains, de la [&hellip;]\" \/>\n<meta property=\"og:url\" content=\"https:\/\/tetraepik.com\/fr\/responsabilidade-social\/\" \/>\n<meta property=\"og:site_name\" content=\"TETRAEPIK\" \/>\n<meta property=\"article:modified_time\" content=\"2019-04-12T15:39:11+00:00\" \/>\n<meta property=\"og:image\" content=\"https:\/\/tetraepik.com\/wp-content\/uploads\/2019\/04\/Arvores-1024x811.jpg\" \/>\n\t<meta property=\"og:image:width\" content=\"1024\" \/>\n\t<meta property=\"og:image:height\" content=\"811\" \/>\n\t<meta property=\"og:image:type\" content=\"image\/jpeg\" \/>\n<meta name=\"twitter:card\" content=\"summary_large_image\" \/>\n<meta name=\"twitter:label1\" content=\"Dur\u00e9e de lecture estim\u00e9e\" \/>\n\t<meta name=\"twitter:data1\" content=\"1 minute\" \/>\n<!-- \/ Yoast SEO plugin. -->","yoast_head_json":{"title":"Responsabilit\u00e9 Sociale - TETRAEPIK","robots":{"index":"index","follow":"follow","max-snippet":"max-snippet:-1","max-image-preview":"max-image-preview:large","max-video-preview":"max-video-preview:-1"},"canonical":"https:\/\/tetraepik.com\/fr\/responsabilidade-social\/","og_locale":"fr_FR","og_type":"article","og_title":"Responsabilit\u00e9 Sociale - TETRAEPIK","og_description":"TETRAEPIK s\u2019affirme comme une organisation socialement responsable. Elle exerce, en effet, son activit\u00e9 dans le respect des droits humains, de la [&hellip;]","og_url":"https:\/\/tetraepik.com\/fr\/responsabilidade-social\/","og_site_name":"TETRAEPIK","article_modified_time":"2019-04-12T15:39:11+00:00","og_image":[{"width":1024,"height":811,"url":"https:\/\/tetraepik.com\/wp-content\/uploads\/2019\/04\/Arvores-1024x811.jpg","type":"image\/jpeg"}],"twitter_card":"summary_large_image","twitter_misc":{"Dur\u00e9e de lecture estim\u00e9e":"1 minute"},"schema":{"@context":"https:\/\/schema.org","@graph":[{"@type":"WebPage","@id":"https:\/\/tetraepik.com\/fr\/responsabilidade-social\/","url":"https:\/\/tetraepik.com\/fr\/responsabilidade-social\/","name":"Responsabilit\u00e9 Sociale - TETRAEPIK","isPartOf":{"@id":"https:\/\/tetraepik.com\/#website"},"datePublished":"2018-08-29T18:45:30+00:00","dateModified":"2019-04-12T15:39:11+00:00","breadcrumb":{"@id":"https:\/\/tetraepik.com\/fr\/responsabilidade-social\/#breadcrumb"},"inLanguage":"fr-FR","potentialAction":[{"@type":"ReadAction","target":["https:\/\/tetraepik.com\/fr\/responsabilidade-social\/"]}]},{"@type":"BreadcrumbList","@id":"https:\/\/tetraepik.com\/fr\/responsabilidade-social\/#breadcrumb","itemListElement":[{"@type":"ListItem","position":1,"name":"In\u00edcio","item":"https:\/\/tetraepik.com\/fr\/"},{"@type":"ListItem","position":2,"name":"Responsabilit\u00e9 Sociale"}]},{"@type":"WebSite","@id":"https:\/\/tetraepik.com\/#website","url":"https:\/\/tetraepik.com\/","name":"TETRAEPIK","description":"TETRAEPIK","potentialAction":[{"@type":"SearchAction","target":{"@type":"EntryPoint","urlTemplate":"https:\/\/tetraepik.com\/?s={search_term_string}"},"query-input":"required name=search_term_string"}],"inLanguage":"fr-FR"}]}},"_links":{"self":[{"href":"https:\/\/tetraepik.com\/fr\/wp-json\/wp\/v2\/pages\/355"}],"collection":[{"href":"https:\/\/tetraepik.com\/fr\/wp-json\/wp\/v2\/pages"}],"about":[{"href":"https:\/\/tetraepik.com\/fr\/wp-json\/wp\/v2\/types\/page"}],"author":[{"embeddable":true,"href":"https:\/\/tetraepik.com\/fr\/wp-json\/wp\/v2\/users\/2"}],"replies":[{"embeddable":true,"href":"https:\/\/tetraepik.com\/fr\/wp-json\/wp\/v2\/comments?post=355"}],"version-history":[{"count":2,"href":"https:\/\/tetraepik.com\/fr\/wp-json\/wp\/v2\/pages\/355\/revisions"}],"predecessor-version":[{"id":3413,"href":"https:\/\/tetraepik.com\/fr\/wp-json\/wp\/v2\/pages\/355\/revisions\/3413"}],"wp:featuredmedia":[{"embeddable":true,"href":"https:\/\/tetraepik.com\/fr\/wp-json\/wp\/v2\/media\/3145"}],"wp:attachment":[{"href":"https:\/\/tetraepik.com\/fr\/wp-json\/wp\/v2\/media?parent=355"}],"curies":[{"name":"wp","href":"https:\/\/api.w.org\/{rel}","templated":true}]}}