{"id":363,"date":"2018-08-31T16:39:53","date_gmt":"2018-08-31T16:39:53","guid":{"rendered":"https:\/\/tetraepik.local\/recrutamento\/"},"modified":"2019-06-17T09:15:13","modified_gmt":"2019-06-17T09:15:13","slug":"recrutamento","status":"publish","type":"page","link":"https:\/\/tetraepik.com\/fr\/recrutamento\/","title":{"rendered":"Nous rejoindre"},"content":{"rendered":"<p>Voulez-vous rejoindre notre \u00e9quipe? Envoyez-nous votre cv!<\/p>\n<p>Nous sommes en permanence \u00e0 la recherche de traducteurs qualifi\u00e9s et sp\u00e9cialis\u00e9s susceptibles de contribuer \u00e0 \u00e9largir toujours plus l\u2019\u00e9ventail de combinaisons linguistiques et les domaines de travail dans lesquels nous travaillons actuellement.<\/p>\n<p>La s\u00e9lection de nos ressources humaines se fait non seulement sur la base de l\u2019exp\u00e9rience et du professionnalisme, mais aussi \u00e0 travers des tests rigoureux aux connaissances techniques et linguistiques des traducteurs. \u00c0 cet effet, tous les candidats devront dans une premi\u00e8re phase envoyer leur curriculum vit\u00e6 avec toutes les informations pertinentes les concernant \u00e0 l\u2019adresse suivante: <span style=\"font-weight: 400;\"><a href=\"mailto:admin@tetraepik.com\">admin@tetraepik.com<\/a><\/span>.<\/p>\n","protected":false},"excerpt":{"rendered":"<p>Voulez-vous rejoindre notre \u00e9quipe? Envoyez-nous votre cv! Nous sommes en permanence \u00e0 la recherche de traducteurs qualifi\u00e9s et sp\u00e9cialis\u00e9s susceptibles de [&hellip;]<\/p>\n","protected":false},"author":2,"featured_media":2235,"parent":0,"menu_order":0,"comment_status":"closed","ping_status":"closed","template":"page-templates\/template-recrutamento.php","meta":{"footnotes":""},"acf":[],"yoast_head":"<!-- This site is optimized with the Yoast SEO plugin v21.9.1 - https:\/\/yoast.com\/wordpress\/plugins\/seo\/ -->\n<title>Nous rejoindre - TETRAEPIK<\/title>\n<meta name=\"robots\" content=\"index, follow, max-snippet:-1, max-image-preview:large, max-video-preview:-1\" \/>\n<link rel=\"canonical\" href=\"https:\/\/tetraepik.com\/fr\/recrutamento\/\" \/>\n<meta property=\"og:locale\" content=\"fr_FR\" \/>\n<meta property=\"og:type\" content=\"article\" \/>\n<meta property=\"og:title\" content=\"Nous rejoindre - TETRAEPIK\" \/>\n<meta property=\"og:description\" content=\"Voulez-vous rejoindre notre \u00e9quipe? Envoyez-nous votre cv! Nous sommes en permanence \u00e0 la recherche de traducteurs qualifi\u00e9s et sp\u00e9cialis\u00e9s susceptibles de [&hellip;]\" \/>\n<meta property=\"og:url\" content=\"https:\/\/tetraepik.com\/fr\/recrutamento\/\" \/>\n<meta property=\"og:site_name\" content=\"TETRAEPIK\" \/>\n<meta property=\"article:modified_time\" content=\"2019-06-17T09:15:13+00:00\" \/>\n<meta property=\"og:image\" content=\"https:\/\/tetraepik.com\/wp-content\/uploads\/2019\/01\/Candidaturas-1-1024x240.jpg\" \/>\n\t<meta property=\"og:image:width\" content=\"1024\" \/>\n\t<meta property=\"og:image:height\" content=\"240\" \/>\n\t<meta property=\"og:image:type\" content=\"image\/jpeg\" \/>\n<meta name=\"twitter:card\" content=\"summary_large_image\" \/>\n<meta name=\"twitter:label1\" content=\"Dur\u00e9e de lecture estim\u00e9e\" \/>\n\t<meta name=\"twitter:data1\" content=\"1 minute\" \/>\n<!-- \/ Yoast SEO plugin. -->","yoast_head_json":{"title":"Nous rejoindre - TETRAEPIK","robots":{"index":"index","follow":"follow","max-snippet":"max-snippet:-1","max-image-preview":"max-image-preview:large","max-video-preview":"max-video-preview:-1"},"canonical":"https:\/\/tetraepik.com\/fr\/recrutamento\/","og_locale":"fr_FR","og_type":"article","og_title":"Nous rejoindre - TETRAEPIK","og_description":"Voulez-vous rejoindre notre \u00e9quipe? Envoyez-nous votre cv! Nous sommes en permanence \u00e0 la recherche de traducteurs qualifi\u00e9s et sp\u00e9cialis\u00e9s susceptibles de [&hellip;]","og_url":"https:\/\/tetraepik.com\/fr\/recrutamento\/","og_site_name":"TETRAEPIK","article_modified_time":"2019-06-17T09:15:13+00:00","og_image":[{"width":1024,"height":240,"url":"https:\/\/tetraepik.com\/wp-content\/uploads\/2019\/01\/Candidaturas-1-1024x240.jpg","type":"image\/jpeg"}],"twitter_card":"summary_large_image","twitter_misc":{"Dur\u00e9e de lecture estim\u00e9e":"1 minute"},"schema":{"@context":"https:\/\/schema.org","@graph":[{"@type":"WebPage","@id":"https:\/\/tetraepik.com\/fr\/recrutamento\/","url":"https:\/\/tetraepik.com\/fr\/recrutamento\/","name":"Nous rejoindre - TETRAEPIK","isPartOf":{"@id":"https:\/\/tetraepik.com\/#website"},"datePublished":"2018-08-31T16:39:53+00:00","dateModified":"2019-06-17T09:15:13+00:00","breadcrumb":{"@id":"https:\/\/tetraepik.com\/fr\/recrutamento\/#breadcrumb"},"inLanguage":"fr-FR","potentialAction":[{"@type":"ReadAction","target":["https:\/\/tetraepik.com\/fr\/recrutamento\/"]}]},{"@type":"BreadcrumbList","@id":"https:\/\/tetraepik.com\/fr\/recrutamento\/#breadcrumb","itemListElement":[{"@type":"ListItem","position":1,"name":"In\u00edcio","item":"https:\/\/tetraepik.com\/fr\/"},{"@type":"ListItem","position":2,"name":"Nous rejoindre"}]},{"@type":"WebSite","@id":"https:\/\/tetraepik.com\/#website","url":"https:\/\/tetraepik.com\/","name":"TETRAEPIK","description":"TETRAEPIK","potentialAction":[{"@type":"SearchAction","target":{"@type":"EntryPoint","urlTemplate":"https:\/\/tetraepik.com\/?s={search_term_string}"},"query-input":"required name=search_term_string"}],"inLanguage":"fr-FR"}]}},"_links":{"self":[{"href":"https:\/\/tetraepik.com\/fr\/wp-json\/wp\/v2\/pages\/363"}],"collection":[{"href":"https:\/\/tetraepik.com\/fr\/wp-json\/wp\/v2\/pages"}],"about":[{"href":"https:\/\/tetraepik.com\/fr\/wp-json\/wp\/v2\/types\/page"}],"author":[{"embeddable":true,"href":"https:\/\/tetraepik.com\/fr\/wp-json\/wp\/v2\/users\/2"}],"replies":[{"embeddable":true,"href":"https:\/\/tetraepik.com\/fr\/wp-json\/wp\/v2\/comments?post=363"}],"version-history":[{"count":3,"href":"https:\/\/tetraepik.com\/fr\/wp-json\/wp\/v2\/pages\/363\/revisions"}],"predecessor-version":[{"id":3986,"href":"https:\/\/tetraepik.com\/fr\/wp-json\/wp\/v2\/pages\/363\/revisions\/3986"}],"wp:featuredmedia":[{"embeddable":true,"href":"https:\/\/tetraepik.com\/fr\/wp-json\/wp\/v2\/media\/2235"}],"wp:attachment":[{"href":"https:\/\/tetraepik.com\/fr\/wp-json\/wp\/v2\/media?parent=363"}],"curies":[{"name":"wp","href":"https:\/\/api.w.org\/{rel}","templated":true}]}}