{"id":378,"date":"2018-08-31T16:01:23","date_gmt":"2018-08-31T16:01:23","guid":{"rendered":"https:\/\/tetraepik.local\/clientes-e-parcerias\/"},"modified":"2019-07-03T16:56:04","modified_gmt":"2019-07-03T16:56:04","slug":"clientes-e-parcerias","status":"publish","type":"page","link":"https:\/\/tetraepik.com\/fr\/clientes-e-parcerias\/","title":{"rendered":"Ci-dessous les clients qui nous font totalement confiance :"},"content":{"rendered":"\n<p>Forte de plus d&#8217;une d\u00e9cennie d&#8217;exp\u00e9rience, titulaire de diverses certifications SAP et d&#8217;un prix dans le domaine de la localisation, nos clients sont les mieux plac\u00e9s pour t\u00e9moigner de la qualit\u00e9 de notre travail et pour nous aider \u00e0&#8230; avoir un sens : <\/p>\n","protected":false},"excerpt":{"rendered":"<p>Forte de plus d&#8217;une d\u00e9cennie d&#8217;exp\u00e9rience, titulaire de diverses certifications SAP et d&#8217;un prix dans le domaine de la localisation, nos [&hellip;]<\/p>\n","protected":false},"author":2,"featured_media":2129,"parent":0,"menu_order":0,"comment_status":"closed","ping_status":"closed","template":"page-templates\/template-clientes.php","meta":{"footnotes":""},"acf":[],"yoast_head":"<!-- This site is optimized with the Yoast SEO plugin v21.9.1 - https:\/\/yoast.com\/wordpress\/plugins\/seo\/ -->\n<title>Ci-dessous les clients qui nous font totalement confiance : - TETRAEPIK<\/title>\n<meta name=\"robots\" content=\"index, follow, max-snippet:-1, max-image-preview:large, max-video-preview:-1\" \/>\n<link rel=\"canonical\" href=\"https:\/\/tetraepik.com\/fr\/clientes-e-parcerias\/\" \/>\n<meta property=\"og:locale\" content=\"fr_FR\" \/>\n<meta property=\"og:type\" content=\"article\" \/>\n<meta property=\"og:title\" content=\"Ci-dessous les clients qui nous font totalement confiance : - TETRAEPIK\" \/>\n<meta property=\"og:description\" content=\"Forte de plus d&#8217;une d\u00e9cennie d&#8217;exp\u00e9rience, titulaire de diverses certifications SAP et d&#8217;un prix dans le domaine de la localisation, nos [&hellip;]\" \/>\n<meta property=\"og:url\" content=\"https:\/\/tetraepik.com\/fr\/clientes-e-parcerias\/\" \/>\n<meta property=\"og:site_name\" content=\"TETRAEPIK\" \/>\n<meta property=\"article:modified_time\" content=\"2019-07-03T16:56:04+00:00\" \/>\n<meta property=\"og:image\" content=\"https:\/\/tetraepik.com\/wp-content\/uploads\/2019\/01\/Parcerias-e-clientes.png\" \/>\n\t<meta property=\"og:image:width\" content=\"1920\" \/>\n\t<meta property=\"og:image:height\" content=\"451\" \/>\n\t<meta property=\"og:image:type\" content=\"image\/png\" \/>\n<meta name=\"twitter:card\" content=\"summary_large_image\" \/>\n<!-- \/ Yoast SEO plugin. -->","yoast_head_json":{"title":"Ci-dessous les clients qui nous font totalement confiance : - TETRAEPIK","robots":{"index":"index","follow":"follow","max-snippet":"max-snippet:-1","max-image-preview":"max-image-preview:large","max-video-preview":"max-video-preview:-1"},"canonical":"https:\/\/tetraepik.com\/fr\/clientes-e-parcerias\/","og_locale":"fr_FR","og_type":"article","og_title":"Ci-dessous les clients qui nous font totalement confiance : - TETRAEPIK","og_description":"Forte de plus d&#8217;une d\u00e9cennie d&#8217;exp\u00e9rience, titulaire de diverses certifications SAP et d&#8217;un prix dans le domaine de la localisation, nos [&hellip;]","og_url":"https:\/\/tetraepik.com\/fr\/clientes-e-parcerias\/","og_site_name":"TETRAEPIK","article_modified_time":"2019-07-03T16:56:04+00:00","og_image":[{"width":1920,"height":451,"url":"https:\/\/tetraepik.com\/wp-content\/uploads\/2019\/01\/Parcerias-e-clientes.png","type":"image\/png"}],"twitter_card":"summary_large_image","schema":{"@context":"https:\/\/schema.org","@graph":[{"@type":"WebPage","@id":"https:\/\/tetraepik.com\/fr\/clientes-e-parcerias\/","url":"https:\/\/tetraepik.com\/fr\/clientes-e-parcerias\/","name":"Ci-dessous les clients qui nous font totalement confiance : - TETRAEPIK","isPartOf":{"@id":"https:\/\/tetraepik.com\/#website"},"datePublished":"2018-08-31T16:01:23+00:00","dateModified":"2019-07-03T16:56:04+00:00","breadcrumb":{"@id":"https:\/\/tetraepik.com\/fr\/clientes-e-parcerias\/#breadcrumb"},"inLanguage":"fr-FR","potentialAction":[{"@type":"ReadAction","target":["https:\/\/tetraepik.com\/fr\/clientes-e-parcerias\/"]}]},{"@type":"BreadcrumbList","@id":"https:\/\/tetraepik.com\/fr\/clientes-e-parcerias\/#breadcrumb","itemListElement":[{"@type":"ListItem","position":1,"name":"In\u00edcio","item":"https:\/\/tetraepik.com\/fr\/"},{"@type":"ListItem","position":2,"name":"Ci-dessous les clients qui nous font totalement confiance :"}]},{"@type":"WebSite","@id":"https:\/\/tetraepik.com\/#website","url":"https:\/\/tetraepik.com\/","name":"TETRAEPIK","description":"TETRAEPIK","potentialAction":[{"@type":"SearchAction","target":{"@type":"EntryPoint","urlTemplate":"https:\/\/tetraepik.com\/?s={search_term_string}"},"query-input":"required name=search_term_string"}],"inLanguage":"fr-FR"}]}},"_links":{"self":[{"href":"https:\/\/tetraepik.com\/fr\/wp-json\/wp\/v2\/pages\/378"}],"collection":[{"href":"https:\/\/tetraepik.com\/fr\/wp-json\/wp\/v2\/pages"}],"about":[{"href":"https:\/\/tetraepik.com\/fr\/wp-json\/wp\/v2\/types\/page"}],"author":[{"embeddable":true,"href":"https:\/\/tetraepik.com\/fr\/wp-json\/wp\/v2\/users\/2"}],"replies":[{"embeddable":true,"href":"https:\/\/tetraepik.com\/fr\/wp-json\/wp\/v2\/comments?post=378"}],"version-history":[{"count":5,"href":"https:\/\/tetraepik.com\/fr\/wp-json\/wp\/v2\/pages\/378\/revisions"}],"predecessor-version":[{"id":4353,"href":"https:\/\/tetraepik.com\/fr\/wp-json\/wp\/v2\/pages\/378\/revisions\/4353"}],"wp:featuredmedia":[{"embeddable":true,"href":"https:\/\/tetraepik.com\/fr\/wp-json\/wp\/v2\/media\/2129"}],"wp:attachment":[{"href":"https:\/\/tetraepik.com\/fr\/wp-json\/wp\/v2\/media?parent=378"}],"curies":[{"name":"wp","href":"https:\/\/api.w.org\/{rel}","templated":true}]}}