{"id":382,"date":"2018-09-03T09:46:24","date_gmt":"2018-09-03T09:46:24","guid":{"rendered":"https:\/\/tetraepik.local\/orcamentos\/"},"modified":"2019-06-26T12:03:54","modified_gmt":"2019-06-26T12:03:54","slug":"orcamentos","status":"publish","type":"page","link":"https:\/\/tetraepik.com\/fr\/orcamentos\/","title":{"rendered":"Devis"},"content":{"rendered":"<p>Afin que nous puissions disposer des donn\u00e9es n\u00e9cessaires pour donner suite \u00e0 votre demande, nous vous demandons de renseigner les champs suivants :<\/p>\n","protected":false},"excerpt":{"rendered":"<p>Afin que nous puissions disposer des donn\u00e9es n\u00e9cessaires pour donner suite \u00e0 votre demande, nous vous demandons de renseigner les champs [&hellip;]<\/p>\n","protected":false},"author":2,"featured_media":1297,"parent":0,"menu_order":0,"comment_status":"closed","ping_status":"closed","template":"page-templates\/template-orcamento.php","meta":{"footnotes":""},"acf":[],"yoast_head":"<!-- This site is optimized with the Yoast SEO plugin v21.9.1 - https:\/\/yoast.com\/wordpress\/plugins\/seo\/ -->\n<title>Devis - TETRAEPIK<\/title>\n<meta name=\"robots\" content=\"index, follow, max-snippet:-1, max-image-preview:large, max-video-preview:-1\" \/>\n<link rel=\"canonical\" href=\"https:\/\/tetraepik.com\/fr\/orcamentos\/\" \/>\n<meta property=\"og:locale\" content=\"fr_FR\" \/>\n<meta property=\"og:type\" content=\"article\" \/>\n<meta property=\"og:title\" content=\"Devis - TETRAEPIK\" \/>\n<meta property=\"og:description\" content=\"Afin que nous puissions disposer des donn\u00e9es n\u00e9cessaires pour donner suite \u00e0 votre demande, nous vous demandons de renseigner les champs [&hellip;]\" \/>\n<meta property=\"og:url\" content=\"https:\/\/tetraepik.com\/fr\/orcamentos\/\" \/>\n<meta property=\"og:site_name\" content=\"TETRAEPIK\" \/>\n<meta property=\"article:modified_time\" content=\"2019-06-26T12:03:54+00:00\" \/>\n<meta property=\"og:image\" content=\"https:\/\/tetraepik.com\/wp-content\/uploads\/2018\/11\/tetraepik-traducoes-orcamentos.png\" \/>\n\t<meta property=\"og:image:width\" content=\"1920\" \/>\n\t<meta property=\"og:image:height\" content=\"400\" \/>\n\t<meta property=\"og:image:type\" content=\"image\/png\" \/>\n<meta name=\"twitter:card\" content=\"summary_large_image\" \/>\n<!-- \/ Yoast SEO plugin. -->","yoast_head_json":{"title":"Devis - TETRAEPIK","robots":{"index":"index","follow":"follow","max-snippet":"max-snippet:-1","max-image-preview":"max-image-preview:large","max-video-preview":"max-video-preview:-1"},"canonical":"https:\/\/tetraepik.com\/fr\/orcamentos\/","og_locale":"fr_FR","og_type":"article","og_title":"Devis - TETRAEPIK","og_description":"Afin que nous puissions disposer des donn\u00e9es n\u00e9cessaires pour donner suite \u00e0 votre demande, nous vous demandons de renseigner les champs [&hellip;]","og_url":"https:\/\/tetraepik.com\/fr\/orcamentos\/","og_site_name":"TETRAEPIK","article_modified_time":"2019-06-26T12:03:54+00:00","og_image":[{"width":1920,"height":400,"url":"https:\/\/tetraepik.com\/wp-content\/uploads\/2018\/11\/tetraepik-traducoes-orcamentos.png","type":"image\/png"}],"twitter_card":"summary_large_image","schema":{"@context":"https:\/\/schema.org","@graph":[{"@type":"WebPage","@id":"https:\/\/tetraepik.com\/fr\/orcamentos\/","url":"https:\/\/tetraepik.com\/fr\/orcamentos\/","name":"Devis - TETRAEPIK","isPartOf":{"@id":"https:\/\/tetraepik.com\/#website"},"datePublished":"2018-09-03T09:46:24+00:00","dateModified":"2019-06-26T12:03:54+00:00","breadcrumb":{"@id":"https:\/\/tetraepik.com\/fr\/orcamentos\/#breadcrumb"},"inLanguage":"fr-FR","potentialAction":[{"@type":"ReadAction","target":["https:\/\/tetraepik.com\/fr\/orcamentos\/"]}]},{"@type":"BreadcrumbList","@id":"https:\/\/tetraepik.com\/fr\/orcamentos\/#breadcrumb","itemListElement":[{"@type":"ListItem","position":1,"name":"In\u00edcio","item":"https:\/\/tetraepik.com\/fr\/"},{"@type":"ListItem","position":2,"name":"Devis"}]},{"@type":"WebSite","@id":"https:\/\/tetraepik.com\/#website","url":"https:\/\/tetraepik.com\/","name":"TETRAEPIK","description":"TETRAEPIK","potentialAction":[{"@type":"SearchAction","target":{"@type":"EntryPoint","urlTemplate":"https:\/\/tetraepik.com\/?s={search_term_string}"},"query-input":"required name=search_term_string"}],"inLanguage":"fr-FR"}]}},"_links":{"self":[{"href":"https:\/\/tetraepik.com\/fr\/wp-json\/wp\/v2\/pages\/382"}],"collection":[{"href":"https:\/\/tetraepik.com\/fr\/wp-json\/wp\/v2\/pages"}],"about":[{"href":"https:\/\/tetraepik.com\/fr\/wp-json\/wp\/v2\/types\/page"}],"author":[{"embeddable":true,"href":"https:\/\/tetraepik.com\/fr\/wp-json\/wp\/v2\/users\/2"}],"replies":[{"embeddable":true,"href":"https:\/\/tetraepik.com\/fr\/wp-json\/wp\/v2\/comments?post=382"}],"version-history":[{"count":5,"href":"https:\/\/tetraepik.com\/fr\/wp-json\/wp\/v2\/pages\/382\/revisions"}],"predecessor-version":[{"id":4333,"href":"https:\/\/tetraepik.com\/fr\/wp-json\/wp\/v2\/pages\/382\/revisions\/4333"}],"wp:featuredmedia":[{"embeddable":true,"href":"https:\/\/tetraepik.com\/fr\/wp-json\/wp\/v2\/media\/1297"}],"wp:attachment":[{"href":"https:\/\/tetraepik.com\/fr\/wp-json\/wp\/v2\/media?parent=382"}],"curies":[{"name":"wp","href":"https:\/\/api.w.org\/{rel}","templated":true}]}}